{"id":5712,"date":"2022-09-05T14:06:52","date_gmt":"2022-09-05T19:06:52","guid":{"rendered":"https:\/\/travelpaxperu.com\/terms-conditions-amazon-expedition\/"},"modified":"2023-09-13T10:05:59","modified_gmt":"2023-09-13T15:05:59","slug":"terminos-y-condiciones","status":"publish","type":"page","link":"https:\/\/travelpaxperu.com\/es\/terminos-y-condiciones\/","title":{"rendered":"T\u00e9rminos y Condiciones"},"content":{"rendered":"<h3 class=\"wp-block-heading\">1. M\u00e9todos de Reserva<\/h3><p>Para proceder con la reserva, en <strong>Travel Pax Peru<\/strong> le solicitaremos informaci\u00f3n personal, la cual ser\u00e1 utilizada de manera estrictamente confidencial para los fines antes mencionados:<br>\u2022 Nombre completo.<br>\u2022 Fecha de nacimiento.<br>\u2022 N\u00famero de pasaporte o DNI.<br>\u2022 Nacionalidad.<br>\u2022 G\u00e9nero.<br>\u2022 Requerimientos alimenticios.<br>\u2022 Condici\u00f3n m\u00e9dica&nbsp;(imprescindible para realizar tours de aventura).<\/p><h3 class=\"wp-block-heading\">2. M\u00e9todos de Pago<\/h3><p>Para confirmar la reserva de cualquiera de nuestros servicios, deber\u00e1 efectuar un pago inicial del 50% del precio total del servicio solicitado&nbsp;(\u00e9ste no es reembolsable en ninguna circunstancia). A continuaci\u00f3n le mencionamos&nbsp;nuestros medios de pago:<br>\u2022 Pagos a trav\u00e9s de nuestra p\u00e1gina web con las siguientes tarjetas:&nbsp;VISA, MasterCard, American Express, Diners Club.<br>\u2022 Pagos online a trav\u00e9s de Mercado Pago y Paypal.<br>\u2022 Pagos a trav\u00e9s de los agentes&nbsp;Western Uni\u00f3n o Money Gram.<br>\u2022 Dep\u00f3sitos a trav\u00e9s de&nbsp;transferencia bancaria.<br>\u2022 Comisiones:&nbsp;Todos los medios de pago generan comisiones, las mismas que var\u00edan dependiendo de la modalidad. Por ello es importante recalcar que es el cliente quien asumir\u00e1 los costos de las mismas.<br>\u2022 Tarifas en soles peruanos:&nbsp;Todas las tarifas est\u00e1n expresadas en soles peruanos e incluyen impuestos y tazas aplicables a turistas extranjeros.<br>\u2022 Confirmaci\u00f3n de reserva:&nbsp;Una vez que recibamos su informaci\u00f3n personal y el pago del 50% por los servicios solicitados, le enviaremos un correo electr\u00f3nico en las siguientes 24 horas con la&nbsp;Ficha de Confirmaci\u00f3n&nbsp;(\u00e9ste documento incluir\u00e1 todos los detalles del servicio contratado).<br>\u2022 No incluye impuestos para viajeros nacionales (IGV).<\/p><h3 class=\"wp-block-heading\">3. Pago del Saldo o Remanente<\/h3><p>\u2022 El saldo pendiente deber\u00e1 hacerse efectivo a su arribo a la ciudad de Chachapoyas o antes del inicio de los servicios y en nuestra oficina central.<br>\u2022 El incumplimiento del pago del saldo pendiente le imposibilitar\u00e1 ser part\u00edcipe de los servicios contratados&nbsp;(en ning\u00fan caso la empresa har\u00e1 reembolso alguno del pago inicial).<\/p><h3 class=\"wp-block-heading\">4. Boletos De Telef\u00e9rico y Entradas<\/h3><p>El Servicio de Telecabinas no est\u00e1 disponible los d\u00edas lunes.<\/p><p>Todos los boletos de telef\u00e9rico y\/o entradas a los lugares tur\u00edsticos son en su totalidad de car\u00e1cter NO reembolsable.<\/p><h4 class=\"wp-block-heading\">4.1 Condiciones para reserva de tours<\/h4><p>Por favor, antes de efectuar su reserva, tenga en cuenta el siguiente cuadro.<\/p><figure class=\"wp-block-table\"><table><tbody><tr><td><strong>4D\/3N Hotel Gocta Lodge (paq. tur\u00edstico)<\/strong><\/td><td class=\"has-text-align-center\" data-align=\"center\">Requiere m\u00ednimo 2 personas<\/td><td class=\"has-text-align-center\" data-align=\"center\">Cupos limitados, sujeto a disponibilidad del Hotel. Consulte antes de realizar su reserva en l\u00ednea<\/td><\/tr><tr><td><strong>Trekking (todos)<\/strong><\/td><td class=\"has-text-align-center\" data-align=\"center\">Requiere m\u00ednimo 2 personas<\/td><td class=\"has-text-align-center\" data-align=\"center\">La reserva debe hacerse con al menos 1 semana de anticipaci\u00f3n<\/td><\/tr><tr><td><strong>Huaylla Belen &amp; Karajia (tour diario)<\/strong><\/td><td class=\"has-text-align-center\" data-align=\"center\">Requiere m\u00ednimo 2 personas<\/td><td class=\"has-text-align-center\" data-align=\"center\">&#8212;<\/td><\/tr><tr><td><strong>Revash &amp; Leymebamba (tour diario)<\/strong><\/td><td class=\"has-text-align-center\" data-align=\"center\">Requiere m\u00ednimo 2 personas<\/td><td class=\"has-text-align-center\" data-align=\"center\">&#8212;<\/td><\/tr><\/tbody><\/table><\/figure><h3 class=\"wp-block-heading\">5. Modificaci\u00f3n de Itinerarios por parte del cliente<\/h3><p>Cualquier tipo de modificaci\u00f3n por parte del cliente genera penalidades las cuales ser\u00e1n asumidas por el mismo cliente.<\/p><h3 class=\"wp-block-heading\">6. Cancelaciones o Anulaciones por parte del cliente<\/h3><p>En caso de solicitar la cancelaci\u00f3n de cualquier servicio hasta 30 d\u00edas antes del inicio del tour, se proceder\u00e1 a un reembolso del 50% del pago inicial. Por ende, de solicitarse una devoluci\u00f3n 29 o menos d\u00edas antes del inicio del tour contratado, NO procede ning\u00fan tipo de devoluci\u00f3n o reembolso.<\/p><h3 class=\"wp-block-heading\">7. Responsabilidades del pasajero o cliente<\/h3><p>\u2022 Es responsabilidad del pasajero proporcionar informaci\u00f3n fidedigna con la finalidad de proceder con las reservas.<br>\u2022 Es obligatorio que el cliente traiga consigo el pasaporte o documento de viaje con el que realiz\u00f3 la reserva.<br>\u2022 Para los casos de tours de caminata y\/o aventura, es imprescindible que los clientes mayores a 65 a\u00f1os cuenten con un certificado m\u00e9dico de buena salud.<br>\u2022 Si el pasajero presenta los siguientes signos: embriaguez, uso de sustancias t\u00f3xicas, des\u00f3rdenes mentales. Por medidas de seguridad, nos reservamos el derecho de suspender el servicio contratado.<br>\u2022 En caso que el cliente incumpla con el itinerario establecido y \u00e9ste ocasione retrasos, p\u00e9rdidas u otros inconvenientes, el cliente se har\u00e1 responsable de los mismos\u2026.<br>\u2022 NO habr\u00e1 posibilidad de reembolso cuando los servicios se encuentren en pleno desarrollo y de forma regular, y el cliente, por voluntad propia, decida no continuar con los mismos.<br>\u2022 Si el pasajero viene con menores de edad, tendr\u00e1 que presentar los documentos necesarios del menor (DNI o Pasaporte del menor, DNI o pasaporte del padre o madre).<br>\u2022 Tambi\u00e9n, si el menor de edad viaja con un padre o sin sus padres es obligatorio presentar una carta notarial certificada y firmada por el notario y por ambos padres (Esta autorizaci\u00f3n tiene una&nbsp;vigencia de 90 d\u00edas&nbsp;y deber\u00e1 ser entregada a la autoridad migratoria peruana para que permita la salida del pa\u00eds del menor y es&nbsp;v\u00e1lida solo por una vez).<\/p><h3 class=\"wp-block-heading\">Criterios para suspender la actividad y\/o Servicios<\/h3><p>\u2022 Problemas sociales (paros, huelgas)<br>\u2022 Condiciones de salud no aptas por parte del pasajero<br>\u2022 Condiciones por ingesta de alcohol y\/o sustancias t\u00f3xicas<br>\u2022 Zona de emergencia decretada por el estado u \u00f3rgano competente<br>\u2022 Acuerdo mutuo con el cliente<br>\u2022 Abandono del grupo por parte del cliente<br>\u2022 Desastres naturales<\/p><p>\u00a9 Travel Pax Peru<\/p>","protected":false},"excerpt":{"rendered":"<p>1. M\u00e9todos de Reserva Para proceder con la reserva, en Travel Pax Peru le solicitaremos informaci\u00f3n personal, la cual ser\u00e1 utilizada de manera estrictamente confidencial para los fines antes mencionados:\u2022 Nombre completo.\u2022 Fecha de nacimiento.\u2022 N\u00famero de pasaporte o DNI.\u2022 Nacionalidad.\u2022 G\u00e9nero.\u2022 Requerimientos alimenticios.\u2022 Condici\u00f3n m\u00e9dica&nbsp;(imprescindible para realizar tours de aventura). 2. M\u00e9todos de Pago [&hellip;]<\/p>\n","protected":false},"author":2,"featured_media":0,"parent":0,"menu_order":0,"comment_status":"closed","ping_status":"closed","template":"","meta":{"inline_featured_image":false,"footnotes":""},"class_list":["post-5712","page","type-page","status-publish","hentry"],"yoast_head":"<!-- This site is optimized with the Yoast SEO plugin v23.7 - https:\/\/yoast.com\/wordpress\/plugins\/seo\/ -->\n<title>T\u00e9rminos y Condiciones - Travel Pax Peru<\/title>\n<meta name=\"robots\" content=\"noindex, follow\" \/>\n<meta property=\"og:locale\" content=\"es_ES\" \/>\n<meta property=\"og:type\" content=\"article\" \/>\n<meta property=\"og:title\" content=\"T\u00e9rminos y Condiciones - Travel Pax Peru\" \/>\n<meta property=\"og:description\" content=\"1. M\u00e9todos de Reserva Para proceder con la reserva, en Travel Pax Peru le solicitaremos informaci\u00f3n personal, la cual ser\u00e1 utilizada de manera estrictamente confidencial para los fines antes mencionados:\u2022 Nombre completo.\u2022 Fecha de nacimiento.\u2022 N\u00famero de pasaporte o DNI.\u2022 Nacionalidad.\u2022 G\u00e9nero.\u2022 Requerimientos alimenticios.\u2022 Condici\u00f3n m\u00e9dica&nbsp;(imprescindible para realizar tours de aventura). 2. M\u00e9todos de Pago [&hellip;]\" \/>\n<meta property=\"og:url\" content=\"https:\/\/travelpaxperu.com\/es\/terminos-y-condiciones\/\" \/>\n<meta property=\"og:site_name\" content=\"Travel Pax Peru\" \/>\n<meta property=\"article:modified_time\" content=\"2023-09-13T15:05:59+00:00\" \/>\n<meta name=\"twitter:card\" content=\"summary_large_image\" \/>\n<meta name=\"twitter:label1\" content=\"Tiempo de lectura\" \/>\n\t<meta name=\"twitter:data1\" content=\"4 minutos\" \/>\n<script type=\"application\/ld+json\" class=\"yoast-schema-graph\">{\"@context\":\"https:\/\/schema.org\",\"@graph\":[{\"@type\":\"WebPage\",\"@id\":\"https:\/\/travelpaxperu.com\/es\/terminos-y-condiciones\/\",\"url\":\"https:\/\/travelpaxperu.com\/es\/terminos-y-condiciones\/\",\"name\":\"T\u00e9rminos y Condiciones - Travel Pax Peru\",\"isPartOf\":{\"@id\":\"https:\/\/travelpaxperu.com\/es\/#website\"},\"datePublished\":\"2022-09-05T19:06:52+00:00\",\"dateModified\":\"2023-09-13T15:05:59+00:00\",\"inLanguage\":\"es\",\"potentialAction\":[{\"@type\":\"ReadAction\",\"target\":[\"https:\/\/travelpaxperu.com\/es\/terminos-y-condiciones\/\"]}]},{\"@type\":\"WebSite\",\"@id\":\"https:\/\/travelpaxperu.com\/es\/#website\",\"url\":\"https:\/\/travelpaxperu.com\/es\/\",\"name\":\"Travel Pax Peru\",\"description\":\"Agencia de Tours en Chachapoyas\",\"publisher\":{\"@id\":\"https:\/\/travelpaxperu.com\/es\/#organization\"},\"potentialAction\":[{\"@type\":\"SearchAction\",\"target\":{\"@type\":\"EntryPoint\",\"urlTemplate\":\"https:\/\/travelpaxperu.com\/es\/?s={search_term_string}\"},\"query-input\":{\"@type\":\"PropertyValueSpecification\",\"valueRequired\":true,\"valueName\":\"search_term_string\"}}],\"inLanguage\":\"es\"},{\"@type\":\"Organization\",\"@id\":\"https:\/\/travelpaxperu.com\/es\/#organization\",\"name\":\"Travel Pax Peru\",\"url\":\"https:\/\/travelpaxperu.com\/es\/\",\"logo\":{\"@type\":\"ImageObject\",\"inLanguage\":\"es\",\"@id\":\"https:\/\/travelpaxperu.com\/es\/#\/schema\/logo\/image\/\",\"url\":\"https:\/\/travelpaxperu.com\/wp-content\/uploads\/2023\/05\/travel-pax-v-01.svg\",\"contentUrl\":\"https:\/\/travelpaxperu.com\/wp-content\/uploads\/2023\/05\/travel-pax-v-01.svg\",\"caption\":\"Travel Pax Peru\"},\"image\":{\"@id\":\"https:\/\/travelpaxperu.com\/es\/#\/schema\/logo\/image\/\"}}]}<\/script>\n<!-- \/ Yoast SEO plugin. -->","yoast_head_json":{"title":"T\u00e9rminos y Condiciones - Travel Pax Peru","robots":{"index":"noindex","follow":"follow"},"og_locale":"es_ES","og_type":"article","og_title":"T\u00e9rminos y Condiciones - Travel Pax Peru","og_description":"1. M\u00e9todos de Reserva Para proceder con la reserva, en Travel Pax Peru le solicitaremos informaci\u00f3n personal, la cual ser\u00e1 utilizada de manera estrictamente confidencial para los fines antes mencionados:\u2022 Nombre completo.\u2022 Fecha de nacimiento.\u2022 N\u00famero de pasaporte o DNI.\u2022 Nacionalidad.\u2022 G\u00e9nero.\u2022 Requerimientos alimenticios.\u2022 Condici\u00f3n m\u00e9dica&nbsp;(imprescindible para realizar tours de aventura). 2. M\u00e9todos de Pago [&hellip;]","og_url":"https:\/\/travelpaxperu.com\/es\/terminos-y-condiciones\/","og_site_name":"Travel Pax Peru","article_modified_time":"2023-09-13T15:05:59+00:00","twitter_card":"summary_large_image","twitter_misc":{"Tiempo de lectura":"4 minutos"},"schema":{"@context":"https:\/\/schema.org","@graph":[{"@type":"WebPage","@id":"https:\/\/travelpaxperu.com\/es\/terminos-y-condiciones\/","url":"https:\/\/travelpaxperu.com\/es\/terminos-y-condiciones\/","name":"T\u00e9rminos y Condiciones - Travel Pax Peru","isPartOf":{"@id":"https:\/\/travelpaxperu.com\/es\/#website"},"datePublished":"2022-09-05T19:06:52+00:00","dateModified":"2023-09-13T15:05:59+00:00","inLanguage":"es","potentialAction":[{"@type":"ReadAction","target":["https:\/\/travelpaxperu.com\/es\/terminos-y-condiciones\/"]}]},{"@type":"WebSite","@id":"https:\/\/travelpaxperu.com\/es\/#website","url":"https:\/\/travelpaxperu.com\/es\/","name":"Travel Pax Peru","description":"Agencia de Tours en Chachapoyas","publisher":{"@id":"https:\/\/travelpaxperu.com\/es\/#organization"},"potentialAction":[{"@type":"SearchAction","target":{"@type":"EntryPoint","urlTemplate":"https:\/\/travelpaxperu.com\/es\/?s={search_term_string}"},"query-input":{"@type":"PropertyValueSpecification","valueRequired":true,"valueName":"search_term_string"}}],"inLanguage":"es"},{"@type":"Organization","@id":"https:\/\/travelpaxperu.com\/es\/#organization","name":"Travel Pax Peru","url":"https:\/\/travelpaxperu.com\/es\/","logo":{"@type":"ImageObject","inLanguage":"es","@id":"https:\/\/travelpaxperu.com\/es\/#\/schema\/logo\/image\/","url":"https:\/\/travelpaxperu.com\/wp-content\/uploads\/2023\/05\/travel-pax-v-01.svg","contentUrl":"https:\/\/travelpaxperu.com\/wp-content\/uploads\/2023\/05\/travel-pax-v-01.svg","caption":"Travel Pax Peru"},"image":{"@id":"https:\/\/travelpaxperu.com\/es\/#\/schema\/logo\/image\/"}}]}},"_links":{"self":[{"href":"https:\/\/travelpaxperu.com\/es\/wp-json\/wp\/v2\/pages\/5712","targetHints":{"allow":["GET"]}}],"collection":[{"href":"https:\/\/travelpaxperu.com\/es\/wp-json\/wp\/v2\/pages"}],"about":[{"href":"https:\/\/travelpaxperu.com\/es\/wp-json\/wp\/v2\/types\/page"}],"author":[{"embeddable":true,"href":"https:\/\/travelpaxperu.com\/es\/wp-json\/wp\/v2\/users\/2"}],"replies":[{"embeddable":true,"href":"https:\/\/travelpaxperu.com\/es\/wp-json\/wp\/v2\/comments?post=5712"}],"version-history":[{"count":4,"href":"https:\/\/travelpaxperu.com\/es\/wp-json\/wp\/v2\/pages\/5712\/revisions"}],"predecessor-version":[{"id":8306,"href":"https:\/\/travelpaxperu.com\/es\/wp-json\/wp\/v2\/pages\/5712\/revisions\/8306"}],"wp:attachment":[{"href":"https:\/\/travelpaxperu.com\/es\/wp-json\/wp\/v2\/media?parent=5712"}],"curies":[{"name":"wp","href":"https:\/\/api.w.org\/{rel}","templated":true}]}}