{"id":6893,"date":"2022-11-02T14:13:54","date_gmt":"2022-11-02T19:13:54","guid":{"rendered":"https:\/\/travelpaxperu.com\/?page_id=6893"},"modified":"2023-09-15T19:18:17","modified_gmt":"2023-09-16T00:18:17","slug":"cotizador-de-viaje","status":"publish","type":"page","link":"https:\/\/travelpaxperu.com\/es\/cotizador-de-viaje\/","title":{"rendered":"Cotizador de Viajes"},"content":{"rendered":"<section class=\"wpb-content-wrapper\"><p>[vc_row][vc_column][vc_column_text css=\u00bb.vc_custom_1694823491927{padding-top: 20px !important;}\u00bb]<\/p>\r\n<h1>Reserva ahora los Mejores Destinos de Per\u00fa<\/h1>\r\n<p>Completa el formulario y te sugeriremos la mejor opci\u00f3n de viaje.<\/p>\r\n<p>Tenemos informaci\u00f3n de: <strong>Precios de Tours a Chachapoyas<\/strong>, <strong>Paquetes Tur\u00edsticos a Machu Picchu<\/strong>, <strong>Tours a la Regi\u00f3n Amazonas, Tours a Pacaya-Samiria<\/strong> y <strong>Paquetes Tur\u00edsticos al Norte de Per\u00fa<\/strong>. Visita nuestra secci\u00f3n de <a href=\"https:\/\/travelpaxperu.com\/es\/tours\">TOURS<\/a> y descubrir\u00e1s todo lo que tenemos para ti.<\/p><p>&nbsp;<\/p>\r\n<p>[\/vc_column_text][\/vc_column][\/vc_row][vc_row][vc_column]\n<div class=\"wpcf7 no-js\" id=\"wpcf7-f6889-o1\" lang=\"es-ES\" dir=\"ltr\">\n<div class=\"screen-reader-response\"><p role=\"status\" aria-live=\"polite\" aria-atomic=\"true\"><\/p> <ul><\/ul><\/div>\n<form action=\"\/es\/wp-json\/wp\/v2\/pages\/6893#wpcf7-f6889-o1\" method=\"post\" class=\"wpcf7-form init\" aria-label=\"Formulario de contacto\" novalidate=\"novalidate\" data-status=\"init\">\n<div style=\"display: none;\">\n<input type=\"hidden\" name=\"_wpcf7\" value=\"6889\" \/>\n<input type=\"hidden\" name=\"_wpcf7_version\" value=\"5.9.8\" \/>\n<input type=\"hidden\" name=\"_wpcf7_locale\" value=\"es_ES\" \/>\n<input type=\"hidden\" name=\"_wpcf7_unit_tag\" value=\"wpcf7-f6889-o1\" \/>\n<input type=\"hidden\" name=\"_wpcf7_container_post\" value=\"0\" \/>\n<input type=\"hidden\" name=\"_wpcf7_posted_data_hash\" value=\"\" \/>\n<input type=\"hidden\" name=\"_wpcf7_recaptcha_response\" value=\"\" \/>\n<\/div>\n<p>\u00bfDesde qu\u00e9 ciudad viajar\u00eda?<br \/>\n<span class=\"wpcf7-form-control-wrap\" data-name=\"ciudad-de-origen\"><input size=\"40\" maxlength=\"400\" class=\"wpcf7-form-control wpcf7-text wpcf7-validates-as-required\" aria-required=\"true\" aria-invalid=\"false\" value=\"\" type=\"text\" name=\"ciudad-de-origen\" \/><\/span>\n<\/p>\n<p>\u00bfCu\u00e1l es la fecha estimada de su viaje?<br \/>\n<span class=\"wpcf7-form-control-wrap\" data-name=\"fecha-estimada\"><input size=\"40\" maxlength=\"400\" class=\"wpcf7-form-control wpcf7-text wpcf7-validates-as-required\" aria-required=\"true\" aria-invalid=\"false\" placeholder=\"DD\/MM\/AAAA\" value=\"\" type=\"text\" name=\"fecha-estimada\" \/><\/span>\n<\/p>\n<p>\u00bfCu\u00e1ntos d\u00edas dispone para su viaje?<br \/>\n<span class=\"wpcf7-form-control-wrap\" data-name=\"dias-disponibles\"><input size=\"40\" maxlength=\"400\" class=\"wpcf7-form-control wpcf7-text wpcf7-validates-as-required\" aria-required=\"true\" aria-invalid=\"false\" value=\"\" type=\"text\" name=\"dias-disponibles\" \/><\/span>\n<\/p>\n<p>\u00bfPara cu\u00e1ntas personas desea su programa tur\u00edstico?<br \/>\n<span class=\"wpcf7-form-control-wrap\" data-name=\"cantidad-personas\"><input size=\"40\" maxlength=\"400\" class=\"wpcf7-form-control wpcf7-text wpcf7-validates-as-required\" aria-required=\"true\" aria-invalid=\"false\" value=\"\" type=\"text\" name=\"cantidad-personas\" \/><\/span>\n<\/p>\n<p>\u00bfViaja con ni\u00f1os y\/o adultos mayores?<br \/>\n<span class=\"wpcf7-form-control-wrap\" data-name=\"adultos-o-ninos\"><input size=\"40\" maxlength=\"400\" class=\"wpcf7-form-control wpcf7-text wpcf7-validates-as-required\" aria-required=\"true\" aria-invalid=\"false\" value=\"\" type=\"text\" name=\"adultos-o-ninos\" \/><\/span>\n<\/p>\n<p>\u00bfQu\u00e9 lugares desea visitar?<br \/>\n<span class=\"wpcf7-form-control-wrap\" data-name=\"checkbox\"><span class=\"wpcf7-form-control wpcf7-checkbox wpcf7-validates-as-required\"><span class=\"wpcf7-list-item first\"><label><input type=\"checkbox\" name=\"checkbox[]\" value=\"Sitio Arqueol\u00f3gico de Ku\u00e9lap\" \/><span class=\"wpcf7-list-item-label\">Sitio Arqueol\u00f3gico de Ku\u00e9lap<\/span><\/label><\/span><span class=\"wpcf7-list-item\"><label><input type=\"checkbox\" name=\"checkbox[]\" value=\"Catarata Gocta\" \/><span class=\"wpcf7-list-item-label\">Catarata Gocta<\/span><\/label><\/span><span class=\"wpcf7-list-item\"><label><input type=\"checkbox\" name=\"checkbox[]\" value=\"Catarata Yumbilla\" \/><span class=\"wpcf7-list-item-label\">Catarata Yumbilla<\/span><\/label><\/span><span class=\"wpcf7-list-item\"><label><input type=\"checkbox\" name=\"checkbox[]\" value=\"Sarc\u00f3fagos de Karaj\u00eda\" \/><span class=\"wpcf7-list-item-label\">Sarc\u00f3fagos de Karaj\u00eda<\/span><\/label><\/span><span class=\"wpcf7-list-item\"><label><input type=\"checkbox\" name=\"checkbox[]\" value=\"Caverna de Quiocta\" \/><span class=\"wpcf7-list-item-label\">Caverna de Quiocta<\/span><\/label><\/span><span class=\"wpcf7-list-item\"><label><input type=\"checkbox\" name=\"checkbox[]\" value=\"Huaylla Bel\u00e9n\" \/><span class=\"wpcf7-list-item-label\">Huaylla Bel\u00e9n<\/span><\/label><\/span><span class=\"wpcf7-list-item\"><label><input type=\"checkbox\" name=\"checkbox[]\" value=\"Mausoleos de Revash\" \/><span class=\"wpcf7-list-item-label\">Mausoleos de Revash<\/span><\/label><\/span><span class=\"wpcf7-list-item\"><label><input type=\"checkbox\" name=\"checkbox[]\" value=\"Museo de Leymebamba\" \/><span class=\"wpcf7-list-item-label\">Museo de Leymebamba<\/span><\/label><\/span><span class=\"wpcf7-list-item\"><label><input type=\"checkbox\" name=\"checkbox[]\" value=\"Trekking\" \/><span class=\"wpcf7-list-item-label\">Trekking<\/span><\/label><\/span><span class=\"wpcf7-list-item\"><label><input type=\"checkbox\" name=\"checkbox[]\" value=\"Costa Norte\" \/><span class=\"wpcf7-list-item-label\">Costa Norte<\/span><\/label><\/span><span class=\"wpcf7-list-item last\"><label><input type=\"checkbox\" name=\"checkbox[]\" value=\"Selva\" \/><span class=\"wpcf7-list-item-label\">Selva<\/span><\/label><\/span><\/span><\/span>\n<\/p>\n<p>\u00bfQu\u00e9 categor\u00eda de hotel busca?<br \/>\n<span class=\"wpcf7-form-control-wrap\" data-name=\"categoria-hotel\"><select class=\"wpcf7-form-control wpcf7-select wpcf7-validates-as-required\" aria-required=\"true\" aria-invalid=\"false\" name=\"categoria-hotel\"><option value=\"\">&#8212;Por favor, elige una opci\u00f3n&#8212;<\/option><option value=\"2 estrellas\">2 estrellas<\/option><option value=\"3 estrellas\">3 estrellas<\/option><option value=\"4 estrellas\">4 estrellas<\/option><option value=\"Es indistinto\">Es indistinto<\/option><\/select><\/span>\n<\/p>\n<p>\u00bfDesea tours privados o compartidos?<br \/>\n<span class=\"wpcf7-form-control-wrap\" data-name=\"privados-compartidos\"><select class=\"wpcf7-form-control wpcf7-select wpcf7-validates-as-required\" aria-required=\"true\" aria-invalid=\"false\" name=\"privados-compartidos\"><option value=\"\">&#8212;Por favor, elige una opci\u00f3n&#8212;<\/option><option value=\"Privados\">Privados<\/option><option value=\"Compartidos\">Compartidos<\/option><option value=\"Es indistinto\">Es indistinto<\/option><\/select><\/span>\n<\/p>\n<p>\u00bfEn qu\u00e9 idioma prefiere el tour?<br \/>\n<span class=\"wpcf7-form-control-wrap\" data-name=\"idioma\"><select class=\"wpcf7-form-control wpcf7-select wpcf7-validates-as-required\" aria-required=\"true\" aria-invalid=\"false\" name=\"idioma\"><option value=\"\">&#8212;Por favor, elige una opci\u00f3n&#8212;<\/option><option value=\"Espa\u00f1ol\">Espa\u00f1ol<\/option><option value=\"Ingl\u00e9s\">Ingl\u00e9s<\/option><\/select><\/span>\n<\/p>\n<p>Detalles o aclaraciones que considere importante<br \/>\n<span class=\"wpcf7-form-control-wrap\" data-name=\"your-message\"><textarea cols=\"40\" rows=\"10\" maxlength=\"2000\" class=\"wpcf7-form-control wpcf7-textarea\" aria-invalid=\"false\" name=\"your-message\"><\/textarea><\/span>\n<\/p>\n<h3>Datos de contacto\n<\/h3>\n<p>Nombre completo<br \/>\n<span class=\"wpcf7-form-control-wrap\" data-name=\"your-name\"><input size=\"40\" maxlength=\"400\" class=\"wpcf7-form-control wpcf7-text wpcf7-validates-as-required\" aria-required=\"true\" aria-invalid=\"false\" value=\"\" type=\"text\" name=\"your-name\" \/><\/span>\n<\/p>\n<p>Nacionalidad<br \/>\n<span class=\"wpcf7-form-control-wrap\" data-name=\"menu-862\"><select class=\"wpcf7-form-control wpcf7-select wpcf7-validates-as-required\" aria-required=\"true\" aria-invalid=\"false\" name=\"menu-862\"><option value=\"\">&#8212;Por favor, elige una opci\u00f3n&#8212;<\/option><option value=\"Afganist\u00e1n\">Afganist\u00e1n<\/option><option value=\"Albania\">Albania<\/option><option value=\"Alemania\">Alemania<\/option><option value=\"Andorra\">Andorra<\/option><option value=\"Angola\">Angola<\/option><option value=\"Antigua y Barbuda\">Antigua y Barbuda<\/option><option value=\"Arabia Saudita\">Arabia Saudita<\/option><option value=\"Argelia\">Argelia<\/option><option value=\"Argentina\">Argentina<\/option><option value=\"Armenia\">Armenia<\/option><option value=\"Australia\">Australia<\/option><option value=\"Austria\">Austria<\/option><option value=\"Azerbaiy\u00e1n\">Azerbaiy\u00e1n<\/option><option value=\"Bahamas\">Bahamas<\/option><option value=\"Banglad\u00e9s\">Banglad\u00e9s<\/option><option value=\"Barbados\">Barbados<\/option><option value=\"Bar\u00e9in\">Bar\u00e9in<\/option><option value=\"B\u00e9lgica\">B\u00e9lgica<\/option><option value=\"Belice\">Belice<\/option><option value=\"Ben\u00edn\">Ben\u00edn<\/option><option value=\"Bielorrusia\">Bielorrusia<\/option><option value=\"Birmania\/Myanmar\">Birmania\/Myanmar<\/option><option value=\"Bolivia\">Bolivia<\/option><option value=\"Bosnia y Herzegovina\">Bosnia y Herzegovina<\/option><option value=\"Botsuana\">Botsuana<\/option><option value=\"Brasil\">Brasil<\/option><option value=\"Brun\u00e9i\">Brun\u00e9i<\/option><option value=\"Bulgaria\">Bulgaria<\/option><option value=\"Burkina Faso\">Burkina Faso<\/option><option value=\"Burundi\">Burundi<\/option><option value=\"But\u00e1n\">But\u00e1n<\/option><option value=\"Cabo Verde\">Cabo Verde<\/option><option value=\"Camboya\">Camboya<\/option><option value=\"Camer\u00fan\">Camer\u00fan<\/option><option value=\"Canad\u00e1\">Canad\u00e1<\/option><option value=\"Catar\">Catar<\/option><option value=\"Chad\">Chad<\/option><option value=\"Chile\">Chile<\/option><option value=\"China\">China<\/option><option value=\"Chipre\">Chipre<\/option><option value=\"Ciudad del Vaticano\">Ciudad del Vaticano<\/option><option value=\"Colombia\">Colombia<\/option><option value=\"Comoras\">Comoras<\/option><option value=\"Corea del Norte\">Corea del Norte<\/option><option value=\"Corea del Sur\">Corea del Sur<\/option><option value=\"Costa de Marfil\">Costa de Marfil<\/option><option value=\"Costa Rica\">Costa Rica<\/option><option value=\"Croacia\">Croacia<\/option><option value=\"Cuba\">Cuba<\/option><option value=\"Dinamarca\">Dinamarca<\/option><option value=\"Dominica\">Dominica<\/option><option value=\"Ecuador\">Ecuador<\/option><option value=\"Egipto\">Egipto<\/option><option value=\"El Salvador\">El Salvador<\/option><option value=\"Emiratos \u00c1rabes Unidos\">Emiratos \u00c1rabes Unidos<\/option><option value=\"Eritrea\">Eritrea<\/option><option value=\"Eslovaquia\">Eslovaquia<\/option><option value=\"Eslovenia\">Eslovenia<\/option><option value=\"Espa\u00f1a\">Espa\u00f1a<\/option><option value=\"Estados Unidos\">Estados Unidos<\/option><option value=\"Estonia\">Estonia<\/option><option value=\"Etiop\u00eda\">Etiop\u00eda<\/option><option value=\"Filipinas\">Filipinas<\/option><option value=\"Finlandia\">Finlandia<\/option><option value=\"Fiyi\">Fiyi<\/option><option value=\"Francia\">Francia<\/option><option value=\"Gab\u00f3n\">Gab\u00f3n<\/option><option value=\"Gambia\">Gambia<\/option><option value=\"Georgia\">Georgia<\/option><option value=\"Ghana\">Ghana<\/option><option value=\"Granada\">Granada<\/option><option value=\"Grecia\">Grecia<\/option><option value=\"Guatemala\">Guatemala<\/option><option value=\"Guyana\">Guyana<\/option><option value=\"Guinea\">Guinea<\/option><option value=\"Guinea ecuatorial\">Guinea ecuatorial<\/option><option value=\"Guinea-Bis\u00e1u\">Guinea-Bis\u00e1u<\/option><option value=\"Hait\u00ed\">Hait\u00ed<\/option><option value=\"Honduras\">Honduras<\/option><option value=\"Hungr\u00eda\">Hungr\u00eda<\/option><option value=\"India\">India<\/option><option value=\"Indonesia\">Indonesia<\/option><option value=\"Irak\">Irak<\/option><option value=\"Ir\u00e1n\">Ir\u00e1n<\/option><option value=\"Irlanda\">Irlanda<\/option><option value=\"Islandia\">Islandia<\/option><option value=\"Islas Marshall\">Islas Marshall<\/option><option value=\"Islas Salom\u00f3n\">Islas Salom\u00f3n<\/option><option value=\"Israel\">Israel<\/option><option value=\"Italia\">Italia<\/option><option value=\"Jamaica\">Jamaica<\/option><option value=\"Jap\u00f3n\">Jap\u00f3n<\/option><option value=\"Jordania\">Jordania<\/option><option value=\"Kazajist\u00e1n\">Kazajist\u00e1n<\/option><option value=\"Kenia\">Kenia<\/option><option value=\"Kirguist\u00e1n\">Kirguist\u00e1n<\/option><option value=\"Kiribati\">Kiribati<\/option><option value=\"Kuwait\">Kuwait<\/option><option value=\"Laos\">Laos<\/option><option value=\"Lesoto\">Lesoto<\/option><option value=\"Letonia\">Letonia<\/option><option value=\"L\u00edbano\">L\u00edbano<\/option><option value=\"Liberia\">Liberia<\/option><option value=\"Libia\">Libia<\/option><option value=\"Liechtenstein\">Liechtenstein<\/option><option value=\"Lituania\">Lituania<\/option><option value=\"Luxemburgo\">Luxemburgo<\/option><option value=\"Macedonia del Norte\">Macedonia del Norte<\/option><option value=\"Madagascar\">Madagascar<\/option><option value=\"Malasia\">Malasia<\/option><option value=\"Malaui\">Malaui<\/option><option value=\"Maldivas\">Maldivas<\/option><option value=\"Mal\u00ed\">Mal\u00ed<\/option><option value=\"Malta\">Malta<\/option><option value=\"Marruecos\">Marruecos<\/option><option value=\"Mauricio\">Mauricio<\/option><option value=\"Mauritania\">Mauritania<\/option><option value=\"M\u00e9xico\">M\u00e9xico<\/option><option value=\"Micronesia\">Micronesia<\/option><option value=\"Moldavia\">Moldavia<\/option><option value=\"M\u00f3naco\">M\u00f3naco<\/option><option value=\"Mongolia\">Mongolia<\/option><option value=\"Montenegro\">Montenegro<\/option><option value=\"Mozambique\">Mozambique<\/option><option value=\"Namibia\">Namibia<\/option><option value=\"Nauru\">Nauru<\/option><option value=\"Nepal\">Nepal<\/option><option value=\"Nicaragua\">Nicaragua<\/option><option value=\"N\u00edger\">N\u00edger<\/option><option value=\"Nigeria\">Nigeria<\/option><option value=\"Noruega\">Noruega<\/option><option value=\"Nueva Zelanda\">Nueva Zelanda<\/option><option value=\"Om\u00e1n\">Om\u00e1n<\/option><option value=\"Pa\u00edses Bajos\">Pa\u00edses Bajos<\/option><option value=\"Pakist\u00e1n\">Pakist\u00e1n<\/option><option value=\"Palaos\">Palaos<\/option><option value=\"Panam\u00e1\">Panam\u00e1<\/option><option value=\"Pap\u00faa Nueva Guinea\">Pap\u00faa Nueva Guinea<\/option><option value=\"Paraguay\">Paraguay<\/option><option value=\"Per\u00fa\">Per\u00fa<\/option><option value=\"Polonia\">Polonia<\/option><option value=\"Portugal\">Portugal<\/option><option value=\"Reino Unido\">Reino Unido<\/option><option value=\"Rep\u00fablica Centroafricana\">Rep\u00fablica Centroafricana<\/option><option value=\"Rep\u00fablica Checa\">Rep\u00fablica Checa<\/option><option value=\"Rep\u00fablica del Congo\">Rep\u00fablica del Congo<\/option><option value=\"Rep\u00fablica Democr\u00e1tica del Congo\">Rep\u00fablica Democr\u00e1tica del Congo<\/option><option value=\"Rep\u00fablica Dominicana\">Rep\u00fablica Dominicana<\/option><option value=\"Rep\u00fablica Sudafricana\">Rep\u00fablica Sudafricana<\/option><option value=\"Ruanda\">Ruanda<\/option><option value=\"Ruman\u00eda\">Ruman\u00eda<\/option><option value=\"Rusia\">Rusia<\/option><option value=\"Samoa\">Samoa<\/option><option value=\"San Crist\u00f3bal y Nieves\">San Crist\u00f3bal y Nieves<\/option><option value=\"San Marino\">San Marino<\/option><option value=\"San Vicente y las Granadinas\">San Vicente y las Granadinas<\/option><option value=\"Santa Luc\u00eda\">Santa Luc\u00eda<\/option><option value=\"Santo Tom\u00e9 y Pr\u00edncipe\">Santo Tom\u00e9 y Pr\u00edncipe<\/option><option value=\"Senegal\">Senegal<\/option><option value=\"Serbia\">Serbia<\/option><option value=\"Seychelles\">Seychelles<\/option><option value=\"Sierra Leona\">Sierra Leona<\/option><option value=\"Singapur\">Singapur<\/option><option value=\"Siria\">Siria<\/option><option value=\"Somalia\">Somalia<\/option><option value=\"Sri Lanka\">Sri Lanka<\/option><option value=\"Suazilandia\">Suazilandia<\/option><option value=\"Sud\u00e1n\">Sud\u00e1n<\/option><option value=\"Sud\u00e1n del Sur\">Sud\u00e1n del Sur<\/option><option value=\"Suecia\">Suecia<\/option><option value=\"Suiza\">Suiza<\/option><option value=\"Surinam\">Surinam<\/option><option value=\"Tailandia\">Tailandia<\/option><option value=\"Tanzania\">Tanzania<\/option><option value=\"Tayikist\u00e1n\">Tayikist\u00e1n<\/option><option value=\"Timor Oriental\">Timor Oriental<\/option><option value=\"Togo\">Togo<\/option><option value=\"Tonga\">Tonga<\/option><option value=\"Trinidad y Tobago\">Trinidad y Tobago<\/option><option value=\"T\u00fanez\">T\u00fanez<\/option><option value=\"Turkmenist\u00e1n\">Turkmenist\u00e1n<\/option><option value=\"Turqu\u00eda\">Turqu\u00eda<\/option><option value=\"Tuvalu\">Tuvalu<\/option><option value=\"Ucrania\">Ucrania<\/option><option value=\"Uganda\">Uganda<\/option><option value=\"Uruguay\">Uruguay<\/option><option value=\"Uzbekist\u00e1n\">Uzbekist\u00e1n<\/option><option value=\"Vanuatu\">Vanuatu<\/option><option value=\"Venezuela\">Venezuela<\/option><option value=\"Vietnam\">Vietnam<\/option><option value=\"Yemen\">Yemen<\/option><option value=\"Yibuti\">Yibuti<\/option><option value=\"Zambia\">Zambia<\/option><option value=\"Zimbabue\">Zimbabue<\/option><\/select><\/span>\n<\/p>\n<p>Email<br \/>\n<span class=\"wpcf7-form-control-wrap\" data-name=\"email\"><input size=\"40\" maxlength=\"400\" class=\"wpcf7-form-control wpcf7-email wpcf7-text wpcf7-validates-as-email\" aria-invalid=\"false\" placeholder=\"ejemplo@ejemplo.com\" value=\"\" type=\"email\" name=\"email\" \/><\/span>\n<\/p>\n<p>Tel\u00e9fono<br \/>\n<span class=\"wpcf7-form-control-wrap\" data-name=\"phone\"><input size=\"40\" maxlength=\"400\" class=\"wpcf7-form-control wpcf7-tel wpcf7-validates-as-required wpcf7-text wpcf7-validates-as-tel\" aria-required=\"true\" aria-invalid=\"false\" placeholder=\"+1234567890\" value=\"\" type=\"tel\" name=\"phone\" \/><\/span>\n<\/p>\n<p><input class=\"wpcf7-form-control wpcf7-submit has-spinner\" type=\"submit\" value=\"Enviar\" \/>\n<\/p><div class=\"wpcf7-response-output\" aria-hidden=\"true\"><\/div>\n<\/form>\n<\/div>\n[\/vc_column][\/vc_row][vc_row][vc_column][vc_column_text]<\/p>\r\n<p>[\/vc_column_text][\/vc_column][\/vc_row]<\/p><\/section>","protected":false},"excerpt":{"rendered":"<p>[vc_row][vc_column][vc_column_text css=\u00bb.vc_custom_1694823491927{padding-top: 20px !important;}\u00bb] Reserva ahora los Mejores Destinos de Per\u00fa Completa el formulario y te sugeriremos la mejor opci\u00f3n de viaje. Tenemos informaci\u00f3n de: Precios de Tours a Chachapoyas, Paquetes Tur\u00edsticos a Machu Picchu, Tours a la Regi\u00f3n Amazonas, Tours a Pacaya-Samiria y Paquetes Tur\u00edsticos al Norte de Per\u00fa. Visita nuestra secci\u00f3n de TOURS [&hellip;]<\/p>\n","protected":false},"author":2,"featured_media":0,"parent":0,"menu_order":0,"comment_status":"closed","ping_status":"closed","template":"","meta":{"inline_featured_image":false,"footnotes":""},"class_list":["post-6893","page","type-page","status-publish","hentry"],"yoast_head":"<!-- This site is optimized with the Yoast SEO plugin v23.7 - https:\/\/yoast.com\/wordpress\/plugins\/seo\/ -->\n<title>Cotizador de Viajes a Chachapoyas y el Norte de Per\u00fa<\/title>\n<meta name=\"description\" content=\"Precios de Tours a Chachapoyas, Precios de Paquetes Tur\u00edsticos a Machu Picchu, Tours al Amazonas, y Paquetes Tur\u00edsticos al Norte de Per\u00fa. Visita nuestra secci\u00f3n de TOURS y descubrir\u00e1s todo lo que tenemos para ti.\" \/>\n<meta name=\"robots\" content=\"index, follow, max-snippet:-1, max-image-preview:large, max-video-preview:-1\" \/>\n<link rel=\"canonical\" href=\"https:\/\/travelpaxperu.com\/es\/cotizador-de-viaje\/\" \/>\n<meta property=\"og:locale\" content=\"es_ES\" \/>\n<meta property=\"og:type\" content=\"article\" \/>\n<meta property=\"og:title\" content=\"Cotizador de Viajes a Chachapoyas, Norte de Per\u00fa\" \/>\n<meta property=\"og:description\" content=\"Completa el formulario y te enviaremos una corizaci\u00f3n.\" \/>\n<meta property=\"og:url\" content=\"https:\/\/travelpaxperu.com\/es\/cotizador-de-viaje\/\" \/>\n<meta property=\"og:site_name\" content=\"Travel Pax Peru\" \/>\n<meta property=\"article:modified_time\" content=\"2023-09-16T00:18:17+00:00\" \/>\n<meta name=\"twitter:card\" content=\"summary_large_image\" \/>\n<meta name=\"twitter:label1\" content=\"Tiempo de lectura\" \/>\n\t<meta name=\"twitter:data1\" content=\"1 minuto\" \/>\n<script type=\"application\/ld+json\" class=\"yoast-schema-graph\">{\"@context\":\"https:\/\/schema.org\",\"@graph\":[{\"@type\":\"WebPage\",\"@id\":\"https:\/\/travelpaxperu.com\/es\/cotizador-de-viaje\/\",\"url\":\"https:\/\/travelpaxperu.com\/es\/cotizador-de-viaje\/\",\"name\":\"Cotizador de Viajes a Chachapoyas y el Norte de Per\u00fa\",\"isPartOf\":{\"@id\":\"https:\/\/travelpaxperu.com\/es\/#website\"},\"datePublished\":\"2022-11-02T19:13:54+00:00\",\"dateModified\":\"2023-09-16T00:18:17+00:00\",\"description\":\"Precios de Tours a Chachapoyas, Precios de Paquetes Tur\u00edsticos a Machu Picchu, Tours al Amazonas, y Paquetes Tur\u00edsticos al Norte de Per\u00fa. Visita nuestra secci\u00f3n de TOURS y descubrir\u00e1s todo lo que tenemos para ti.\",\"inLanguage\":\"es\",\"potentialAction\":[{\"@type\":\"ReadAction\",\"target\":[\"https:\/\/travelpaxperu.com\/es\/cotizador-de-viaje\/\"]}]},{\"@type\":\"WebSite\",\"@id\":\"https:\/\/travelpaxperu.com\/es\/#website\",\"url\":\"https:\/\/travelpaxperu.com\/es\/\",\"name\":\"Travel Pax Peru\",\"description\":\"Agencia de Tours en Chachapoyas\",\"publisher\":{\"@id\":\"https:\/\/travelpaxperu.com\/es\/#organization\"},\"potentialAction\":[{\"@type\":\"SearchAction\",\"target\":{\"@type\":\"EntryPoint\",\"urlTemplate\":\"https:\/\/travelpaxperu.com\/es\/?s={search_term_string}\"},\"query-input\":{\"@type\":\"PropertyValueSpecification\",\"valueRequired\":true,\"valueName\":\"search_term_string\"}}],\"inLanguage\":\"es\"},{\"@type\":\"Organization\",\"@id\":\"https:\/\/travelpaxperu.com\/es\/#organization\",\"name\":\"Travel Pax Peru\",\"url\":\"https:\/\/travelpaxperu.com\/es\/\",\"logo\":{\"@type\":\"ImageObject\",\"inLanguage\":\"es\",\"@id\":\"https:\/\/travelpaxperu.com\/es\/#\/schema\/logo\/image\/\",\"url\":\"https:\/\/travelpaxperu.com\/wp-content\/uploads\/2023\/05\/travel-pax-v-01.svg\",\"contentUrl\":\"https:\/\/travelpaxperu.com\/wp-content\/uploads\/2023\/05\/travel-pax-v-01.svg\",\"caption\":\"Travel Pax Peru\"},\"image\":{\"@id\":\"https:\/\/travelpaxperu.com\/es\/#\/schema\/logo\/image\/\"}}]}<\/script>\n<!-- \/ Yoast SEO plugin. -->","yoast_head_json":{"title":"Cotizador de Viajes a Chachapoyas y el Norte de Per\u00fa","description":"Precios de Tours a Chachapoyas, Precios de Paquetes Tur\u00edsticos a Machu Picchu, Tours al Amazonas, y Paquetes Tur\u00edsticos al Norte de Per\u00fa. Visita nuestra secci\u00f3n de TOURS y descubrir\u00e1s todo lo que tenemos para ti.","robots":{"index":"index","follow":"follow","max-snippet":"max-snippet:-1","max-image-preview":"max-image-preview:large","max-video-preview":"max-video-preview:-1"},"canonical":"https:\/\/travelpaxperu.com\/es\/cotizador-de-viaje\/","og_locale":"es_ES","og_type":"article","og_title":"Cotizador de Viajes a Chachapoyas, Norte de Per\u00fa","og_description":"Completa el formulario y te enviaremos una corizaci\u00f3n.","og_url":"https:\/\/travelpaxperu.com\/es\/cotizador-de-viaje\/","og_site_name":"Travel Pax Peru","article_modified_time":"2023-09-16T00:18:17+00:00","twitter_card":"summary_large_image","twitter_misc":{"Tiempo de lectura":"1 minuto"},"schema":{"@context":"https:\/\/schema.org","@graph":[{"@type":"WebPage","@id":"https:\/\/travelpaxperu.com\/es\/cotizador-de-viaje\/","url":"https:\/\/travelpaxperu.com\/es\/cotizador-de-viaje\/","name":"Cotizador de Viajes a Chachapoyas y el Norte de Per\u00fa","isPartOf":{"@id":"https:\/\/travelpaxperu.com\/es\/#website"},"datePublished":"2022-11-02T19:13:54+00:00","dateModified":"2023-09-16T00:18:17+00:00","description":"Precios de Tours a Chachapoyas, Precios de Paquetes Tur\u00edsticos a Machu Picchu, Tours al Amazonas, y Paquetes Tur\u00edsticos al Norte de Per\u00fa. Visita nuestra secci\u00f3n de TOURS y descubrir\u00e1s todo lo que tenemos para ti.","inLanguage":"es","potentialAction":[{"@type":"ReadAction","target":["https:\/\/travelpaxperu.com\/es\/cotizador-de-viaje\/"]}]},{"@type":"WebSite","@id":"https:\/\/travelpaxperu.com\/es\/#website","url":"https:\/\/travelpaxperu.com\/es\/","name":"Travel Pax Peru","description":"Agencia de Tours en Chachapoyas","publisher":{"@id":"https:\/\/travelpaxperu.com\/es\/#organization"},"potentialAction":[{"@type":"SearchAction","target":{"@type":"EntryPoint","urlTemplate":"https:\/\/travelpaxperu.com\/es\/?s={search_term_string}"},"query-input":{"@type":"PropertyValueSpecification","valueRequired":true,"valueName":"search_term_string"}}],"inLanguage":"es"},{"@type":"Organization","@id":"https:\/\/travelpaxperu.com\/es\/#organization","name":"Travel Pax Peru","url":"https:\/\/travelpaxperu.com\/es\/","logo":{"@type":"ImageObject","inLanguage":"es","@id":"https:\/\/travelpaxperu.com\/es\/#\/schema\/logo\/image\/","url":"https:\/\/travelpaxperu.com\/wp-content\/uploads\/2023\/05\/travel-pax-v-01.svg","contentUrl":"https:\/\/travelpaxperu.com\/wp-content\/uploads\/2023\/05\/travel-pax-v-01.svg","caption":"Travel Pax Peru"},"image":{"@id":"https:\/\/travelpaxperu.com\/es\/#\/schema\/logo\/image\/"}}]}},"_links":{"self":[{"href":"https:\/\/travelpaxperu.com\/es\/wp-json\/wp\/v2\/pages\/6893","targetHints":{"allow":["GET"]}}],"collection":[{"href":"https:\/\/travelpaxperu.com\/es\/wp-json\/wp\/v2\/pages"}],"about":[{"href":"https:\/\/travelpaxperu.com\/es\/wp-json\/wp\/v2\/types\/page"}],"author":[{"embeddable":true,"href":"https:\/\/travelpaxperu.com\/es\/wp-json\/wp\/v2\/users\/2"}],"replies":[{"embeddable":true,"href":"https:\/\/travelpaxperu.com\/es\/wp-json\/wp\/v2\/comments?post=6893"}],"version-history":[{"count":6,"href":"https:\/\/travelpaxperu.com\/es\/wp-json\/wp\/v2\/pages\/6893\/revisions"}],"predecessor-version":[{"id":8413,"href":"https:\/\/travelpaxperu.com\/es\/wp-json\/wp\/v2\/pages\/6893\/revisions\/8413"}],"wp:attachment":[{"href":"https:\/\/travelpaxperu.com\/es\/wp-json\/wp\/v2\/media?parent=6893"}],"curies":[{"name":"wp","href":"https:\/\/api.w.org\/{rel}","templated":true}]}}