{"id":7762,"date":"2023-05-04T15:35:34","date_gmt":"2023-05-04T20:35:34","guid":{"rendered":"https:\/\/travelpaxperu.com\/machu-picchu\/"},"modified":"2023-09-15T11:31:41","modified_gmt":"2023-09-15T16:31:41","slug":"machu-picchu","status":"publish","type":"page","link":"https:\/\/travelpaxperu.com\/es\/machu-picchu\/","title":{"rendered":"Tours a Machu Picchu"},"content":{"rendered":"<section class=\"wpb-content-wrapper\"><p>[vc_row][vc_column]<div class=\"widget widget-sidebar \"><div class=\"s-title\"><h2>Machu Picchu<\/h2><\/div><div class=\"deals\"><div class=\"row\"><article data-tour-id=\"7767\" class=\"tour_item one-third \"><div><a href=\"https:\/\/travelpaxperu.com\/es\/tours\/6-dias-cusco-mistico\/\" title=\"6D\/5N Cusco M\u00edstico\"><figure><div class='promo-ribbon '><span>\u00a1Nuevo!<\/span><\/div><img loading=\"lazy\" decoding=\"async\" width=\"400\" height=\"300\" src=\"https:\/\/travelpaxperu.com\/wp-content\/uploads\/2023\/04\/Machu-Picchu-Cusco-Travel-Pax-Peru-1-400x300.jpg\" class=\"attachment-thumbnail size-thumbnail wp-post-image\" alt=\"\" title=\"Machu-Picchu Cusco - Travel Pax Peru\" srcset=\"https:\/\/travelpaxperu.com\/wp-content\/uploads\/2023\/04\/Machu-Picchu-Cusco-Travel-Pax-Peru-1-400x300.jpg 400w, https:\/\/travelpaxperu.com\/wp-content\/uploads\/2023\/04\/Machu-Picchu-Cusco-Travel-Pax-Peru-1-600x450.jpg 600w, https:\/\/travelpaxperu.com\/wp-content\/uploads\/2023\/04\/Machu-Picchu-Cusco-Travel-Pax-Peru-1-300x225.jpg 300w, https:\/\/travelpaxperu.com\/wp-content\/uploads\/2023\/04\/Machu-Picchu-Cusco-Travel-Pax-Peru-1-768x576.jpg 768w, https:\/\/travelpaxperu.com\/wp-content\/uploads\/2023\/04\/Machu-Picchu-Cusco-Travel-Pax-Peru-1.jpg 800w\" sizes=\"auto, (max-width: 400px) 100vw, 400px\" \/><\/figure><\/a><div class=\"details hide-description hide-rating hide-address \"><div class='item-header'><h3><a href=\"https:\/\/travelpaxperu.com\/es\/tours\/6-dias-cusco-mistico\/\" title=\"6D\/5N Cusco M\u00edstico\">6D\/5N Cusco M\u00edstico<\/a><\/h3><\/div>\t\t<div class=\"item_price\" style=\"display:none\">\n\t\t\tFrom\t\t\t\t\t\t<span class=\"price\">\n\t\t\t\t<em>\n\t\t\t\t\t\t\t\t<span class=\"curr\"><\/span>\n\t\t\t\t<span class=\"amount\"><\/span>\n\t\t\t\t\t\t\t\t<\/em>\n\t\t\t<\/span>\n\t\t\t\t<\/div>\n\t\t<div class='actions'><a href='https:\/\/travelpaxperu.com\/es\/tours\/6-dias-cusco-mistico\/' class='gradient-button edit-entity'  data-id='7767'  title='Reservar ahora'>Reservar ahora<\/a><\/div><\/div><!--\/\/details--><a href=\"https:\/\/travelpaxperu.com\/es\/tours\/6-dias-cusco-mistico\/\" class=\"overlay-link\"><\/a><\/div><\/article><!--\/\/tour_item--><article data-tour-id=\"7766\" class=\"tour_item one-third \"><div><a href=\"https:\/\/travelpaxperu.com\/es\/tours\/5-dias-cusco-magico\/\" title=\"5D\/4N Cusco M\u00e1gico\"><figure><div class='promo-ribbon '><span>\u00a1Nuevo!<\/span><\/div><img loading=\"lazy\" decoding=\"async\" width=\"400\" height=\"300\" src=\"https:\/\/travelpaxperu.com\/wp-content\/uploads\/2023\/04\/Ollantaytambo-Cusco-Travel-Pax-Peru-400x300.jpg\" class=\"attachment-thumbnail size-thumbnail wp-post-image\" alt=\"\" title=\"Ollantaytambo Cusco - Travel Pax Peru\" srcset=\"https:\/\/travelpaxperu.com\/wp-content\/uploads\/2023\/04\/Ollantaytambo-Cusco-Travel-Pax-Peru-400x300.jpg 400w, https:\/\/travelpaxperu.com\/wp-content\/uploads\/2023\/04\/Ollantaytambo-Cusco-Travel-Pax-Peru-600x450.jpg 600w, https:\/\/travelpaxperu.com\/wp-content\/uploads\/2023\/04\/Ollantaytambo-Cusco-Travel-Pax-Peru-300x225.jpg 300w, https:\/\/travelpaxperu.com\/wp-content\/uploads\/2023\/04\/Ollantaytambo-Cusco-Travel-Pax-Peru-768x576.jpg 768w, https:\/\/travelpaxperu.com\/wp-content\/uploads\/2023\/04\/Ollantaytambo-Cusco-Travel-Pax-Peru.jpg 800w\" sizes=\"auto, (max-width: 400px) 100vw, 400px\" \/><\/figure><\/a><div class=\"details hide-description hide-rating hide-address \"><div class='item-header'><h3><a href=\"https:\/\/travelpaxperu.com\/es\/tours\/5-dias-cusco-magico\/\" title=\"5D\/4N Cusco M\u00e1gico\">5D\/4N Cusco M\u00e1gico<\/a><\/h3><\/div>\t\t<div class=\"item_price\" style=\"display:none\">\n\t\t\tFrom\t\t\t\t\t\t<span class=\"price\">\n\t\t\t\t<em>\n\t\t\t\t\t\t\t\t<span class=\"curr\"><\/span>\n\t\t\t\t<span class=\"amount\"><\/span>\n\t\t\t\t\t\t\t\t<\/em>\n\t\t\t<\/span>\n\t\t\t\t<\/div>\n\t\t<div class='actions'><a href='https:\/\/travelpaxperu.com\/es\/tours\/5-dias-cusco-magico\/' class='gradient-button edit-entity'  data-id='7766'  title='Reservar ahora'>Reservar ahora<\/a><\/div><\/div><!--\/\/details--><a href=\"https:\/\/travelpaxperu.com\/es\/tours\/5-dias-cusco-magico\/\" class=\"overlay-link\"><\/a><\/div><\/article><!--\/\/tour_item--><article data-tour-id=\"7763\" class=\"tour_item one-third \"><div><a href=\"https:\/\/travelpaxperu.com\/es\/tours\/4-dias-cusco-tradicional\/\" title=\"4D\/3N Cusco Tradicional\"><figure><div class='promo-ribbon '><span>\u00a1Nuevo!<\/span><\/div><img loading=\"lazy\" decoding=\"async\" width=\"400\" height=\"300\" src=\"https:\/\/travelpaxperu.com\/wp-content\/uploads\/2023\/04\/Machu-Picchu-Cusco-Travel-Pax-Peru-400x300.jpg\" class=\"attachment-thumbnail size-thumbnail wp-post-image\" alt=\"\" title=\"Machu Picchu Cusco - Travel Pax Peru\" srcset=\"https:\/\/travelpaxperu.com\/wp-content\/uploads\/2023\/04\/Machu-Picchu-Cusco-Travel-Pax-Peru-400x300.jpg 400w, https:\/\/travelpaxperu.com\/wp-content\/uploads\/2023\/04\/Machu-Picchu-Cusco-Travel-Pax-Peru-600x450.jpg 600w, https:\/\/travelpaxperu.com\/wp-content\/uploads\/2023\/04\/Machu-Picchu-Cusco-Travel-Pax-Peru-300x225.jpg 300w, https:\/\/travelpaxperu.com\/wp-content\/uploads\/2023\/04\/Machu-Picchu-Cusco-Travel-Pax-Peru-768x576.jpg 768w, https:\/\/travelpaxperu.com\/wp-content\/uploads\/2023\/04\/Machu-Picchu-Cusco-Travel-Pax-Peru.jpg 800w\" sizes=\"auto, (max-width: 400px) 100vw, 400px\" \/><\/figure><\/a><div class=\"details hide-description hide-rating hide-address \"><div class='item-header'><h3><a href=\"https:\/\/travelpaxperu.com\/es\/tours\/4-dias-cusco-tradicional\/\" title=\"4D\/3N Cusco Tradicional\">4D\/3N Cusco Tradicional<\/a><\/h3><\/div>\t\t<div class=\"item_price\" style=\"display:none\">\n\t\t\tFrom\t\t\t\t\t\t<span class=\"price\">\n\t\t\t\t<em>\n\t\t\t\t\t\t\t\t<span class=\"curr\"><\/span>\n\t\t\t\t<span class=\"amount\"><\/span>\n\t\t\t\t\t\t\t\t<\/em>\n\t\t\t<\/span>\n\t\t\t\t<\/div>\n\t\t<div class='actions'><a href='https:\/\/travelpaxperu.com\/es\/tours\/4-dias-cusco-tradicional\/' class='gradient-button edit-entity'  data-id='7763'  title='Reservar ahora'>Reservar ahora<\/a><\/div><\/div><!--\/\/details--><a href=\"https:\/\/travelpaxperu.com\/es\/tours\/4-dias-cusco-tradicional\/\" class=\"overlay-link\"><\/a><\/div><\/article><!--\/\/tour_item--><\/div><!--row--><\/div><!--deals--><\/div>[\/vc_column][\/vc_row]<\/p>\n<\/section>","protected":false},"excerpt":{"rendered":"<p>[vc_row][vc_column][\/vc_column][\/vc_row]<\/p>\n","protected":false},"author":2,"featured_media":0,"parent":0,"menu_order":0,"comment_status":"closed","ping_status":"closed","template":"","meta":{"inline_featured_image":false,"footnotes":""},"class_list":["post-7762","page","type-page","status-publish","hentry"],"yoast_head":"<!-- This site is optimized with the Yoast SEO plugin v23.7 - https:\/\/yoast.com\/wordpress\/plugins\/seo\/ -->\n<title>Los Mejores Tours a Machu Picchu | Travel Pax Per\u00fa<\/title>\n<meta name=\"description\" content=\"Tours en Machu Picchu - Cusco, Per\u00fa. Los mejores paquetes tur\u00edsticos a Machu Picchu, la ciudad perdida de los incas. Tours y entradas para la experiencia Machu Picchu.\" \/>\n<meta name=\"robots\" content=\"index, follow, max-snippet:-1, max-image-preview:large, max-video-preview:-1\" \/>\n<link rel=\"canonical\" href=\"https:\/\/travelpaxperu.com\/es\/machu-picchu\/\" \/>\n<meta property=\"og:locale\" content=\"es_ES\" \/>\n<meta property=\"og:type\" content=\"article\" \/>\n<meta property=\"og:title\" content=\"\ud83e\uddf3 Los Mejores Programas a Machu Picchu\" \/>\n<meta property=\"og:description\" content=\"Descubre la ciudad perdida de los Incas con Travel Pax Peru.\" \/>\n<meta property=\"og:url\" content=\"https:\/\/travelpaxperu.com\/es\/machu-picchu\/\" \/>\n<meta property=\"og:site_name\" content=\"Travel Pax Peru\" \/>\n<meta property=\"article:modified_time\" content=\"2023-09-15T16:31:41+00:00\" \/>\n<meta property=\"og:image\" content=\"https:\/\/travelpaxperu.com\/wp-content\/uploads\/2023\/04\/Machu-Picchu-Cusco-Travel-Pax-Peru-1.jpg\" \/>\n\t<meta property=\"og:image:width\" content=\"800\" \/>\n\t<meta property=\"og:image:height\" content=\"600\" \/>\n\t<meta property=\"og:image:type\" content=\"image\/jpeg\" \/>\n<meta name=\"twitter:card\" content=\"summary_large_image\" \/>\n<meta name=\"twitter:label1\" content=\"Tiempo de lectura\" \/>\n\t<meta name=\"twitter:data1\" content=\"1 minuto\" \/>\n<script type=\"application\/ld+json\" class=\"yoast-schema-graph\">{\"@context\":\"https:\/\/schema.org\",\"@graph\":[{\"@type\":\"WebPage\",\"@id\":\"https:\/\/travelpaxperu.com\/es\/machu-picchu\/\",\"url\":\"https:\/\/travelpaxperu.com\/es\/machu-picchu\/\",\"name\":\"Los Mejores Tours a Machu Picchu | Travel Pax Per\u00fa\",\"isPartOf\":{\"@id\":\"https:\/\/travelpaxperu.com\/es\/#website\"},\"datePublished\":\"2023-05-04T20:35:34+00:00\",\"dateModified\":\"2023-09-15T16:31:41+00:00\",\"description\":\"Tours en Machu Picchu - Cusco, Per\u00fa. Los mejores paquetes tur\u00edsticos a Machu Picchu, la ciudad perdida de los incas. Tours y entradas para la experiencia Machu Picchu.\",\"inLanguage\":\"es\",\"potentialAction\":[{\"@type\":\"ReadAction\",\"target\":[\"https:\/\/travelpaxperu.com\/es\/machu-picchu\/\"]}]},{\"@type\":\"WebSite\",\"@id\":\"https:\/\/travelpaxperu.com\/es\/#website\",\"url\":\"https:\/\/travelpaxperu.com\/es\/\",\"name\":\"Travel Pax Peru\",\"description\":\"Agencia de Tours en Chachapoyas\",\"publisher\":{\"@id\":\"https:\/\/travelpaxperu.com\/es\/#organization\"},\"potentialAction\":[{\"@type\":\"SearchAction\",\"target\":{\"@type\":\"EntryPoint\",\"urlTemplate\":\"https:\/\/travelpaxperu.com\/es\/?s={search_term_string}\"},\"query-input\":{\"@type\":\"PropertyValueSpecification\",\"valueRequired\":true,\"valueName\":\"search_term_string\"}}],\"inLanguage\":\"es\"},{\"@type\":\"Organization\",\"@id\":\"https:\/\/travelpaxperu.com\/es\/#organization\",\"name\":\"Travel Pax Peru\",\"url\":\"https:\/\/travelpaxperu.com\/es\/\",\"logo\":{\"@type\":\"ImageObject\",\"inLanguage\":\"es\",\"@id\":\"https:\/\/travelpaxperu.com\/es\/#\/schema\/logo\/image\/\",\"url\":\"https:\/\/travelpaxperu.com\/wp-content\/uploads\/2023\/05\/travel-pax-v-01.svg\",\"contentUrl\":\"https:\/\/travelpaxperu.com\/wp-content\/uploads\/2023\/05\/travel-pax-v-01.svg\",\"caption\":\"Travel Pax Peru\"},\"image\":{\"@id\":\"https:\/\/travelpaxperu.com\/es\/#\/schema\/logo\/image\/\"}}]}<\/script>\n<!-- \/ Yoast SEO plugin. -->","yoast_head_json":{"title":"Los Mejores Tours a Machu Picchu | Travel Pax Per\u00fa","description":"Tours en Machu Picchu - Cusco, Per\u00fa. Los mejores paquetes tur\u00edsticos a Machu Picchu, la ciudad perdida de los incas. Tours y entradas para la experiencia Machu Picchu.","robots":{"index":"index","follow":"follow","max-snippet":"max-snippet:-1","max-image-preview":"max-image-preview:large","max-video-preview":"max-video-preview:-1"},"canonical":"https:\/\/travelpaxperu.com\/es\/machu-picchu\/","og_locale":"es_ES","og_type":"article","og_title":"\ud83e\uddf3 Los Mejores Programas a Machu Picchu","og_description":"Descubre la ciudad perdida de los Incas con Travel Pax Peru.","og_url":"https:\/\/travelpaxperu.com\/es\/machu-picchu\/","og_site_name":"Travel Pax Peru","article_modified_time":"2023-09-15T16:31:41+00:00","og_image":[{"width":800,"height":600,"url":"https:\/\/travelpaxperu.com\/wp-content\/uploads\/2023\/04\/Machu-Picchu-Cusco-Travel-Pax-Peru-1.jpg","type":"image\/jpeg"}],"twitter_card":"summary_large_image","twitter_misc":{"Tiempo de lectura":"1 minuto"},"schema":{"@context":"https:\/\/schema.org","@graph":[{"@type":"WebPage","@id":"https:\/\/travelpaxperu.com\/es\/machu-picchu\/","url":"https:\/\/travelpaxperu.com\/es\/machu-picchu\/","name":"Los Mejores Tours a Machu Picchu | Travel Pax Per\u00fa","isPartOf":{"@id":"https:\/\/travelpaxperu.com\/es\/#website"},"datePublished":"2023-05-04T20:35:34+00:00","dateModified":"2023-09-15T16:31:41+00:00","description":"Tours en Machu Picchu - Cusco, Per\u00fa. Los mejores paquetes tur\u00edsticos a Machu Picchu, la ciudad perdida de los incas. Tours y entradas para la experiencia Machu Picchu.","inLanguage":"es","potentialAction":[{"@type":"ReadAction","target":["https:\/\/travelpaxperu.com\/es\/machu-picchu\/"]}]},{"@type":"WebSite","@id":"https:\/\/travelpaxperu.com\/es\/#website","url":"https:\/\/travelpaxperu.com\/es\/","name":"Travel Pax Peru","description":"Agencia de Tours en Chachapoyas","publisher":{"@id":"https:\/\/travelpaxperu.com\/es\/#organization"},"potentialAction":[{"@type":"SearchAction","target":{"@type":"EntryPoint","urlTemplate":"https:\/\/travelpaxperu.com\/es\/?s={search_term_string}"},"query-input":{"@type":"PropertyValueSpecification","valueRequired":true,"valueName":"search_term_string"}}],"inLanguage":"es"},{"@type":"Organization","@id":"https:\/\/travelpaxperu.com\/es\/#organization","name":"Travel Pax Peru","url":"https:\/\/travelpaxperu.com\/es\/","logo":{"@type":"ImageObject","inLanguage":"es","@id":"https:\/\/travelpaxperu.com\/es\/#\/schema\/logo\/image\/","url":"https:\/\/travelpaxperu.com\/wp-content\/uploads\/2023\/05\/travel-pax-v-01.svg","contentUrl":"https:\/\/travelpaxperu.com\/wp-content\/uploads\/2023\/05\/travel-pax-v-01.svg","caption":"Travel Pax Peru"},"image":{"@id":"https:\/\/travelpaxperu.com\/es\/#\/schema\/logo\/image\/"}}]}},"_links":{"self":[{"href":"https:\/\/travelpaxperu.com\/es\/wp-json\/wp\/v2\/pages\/7762","targetHints":{"allow":["GET"]}}],"collection":[{"href":"https:\/\/travelpaxperu.com\/es\/wp-json\/wp\/v2\/pages"}],"about":[{"href":"https:\/\/travelpaxperu.com\/es\/wp-json\/wp\/v2\/types\/page"}],"author":[{"embeddable":true,"href":"https:\/\/travelpaxperu.com\/es\/wp-json\/wp\/v2\/users\/2"}],"replies":[{"embeddable":true,"href":"https:\/\/travelpaxperu.com\/es\/wp-json\/wp\/v2\/comments?post=7762"}],"version-history":[{"count":3,"href":"https:\/\/travelpaxperu.com\/es\/wp-json\/wp\/v2\/pages\/7762\/revisions"}],"predecessor-version":[{"id":8391,"href":"https:\/\/travelpaxperu.com\/es\/wp-json\/wp\/v2\/pages\/7762\/revisions\/8391"}],"wp:attachment":[{"href":"https:\/\/travelpaxperu.com\/es\/wp-json\/wp\/v2\/media?parent=7762"}],"curies":[{"name":"wp","href":"https:\/\/api.w.org\/{rel}","templated":true}]}}