{"id":7834,"date":"2023-05-04T15:37:11","date_gmt":"2023-05-04T20:37:11","guid":{"rendered":"https:\/\/travelpaxperu.com\/north-peru\/"},"modified":"2024-10-03T13:53:50","modified_gmt":"2024-10-03T18:53:50","slug":"norte-de-peru","status":"publish","type":"page","link":"https:\/\/travelpaxperu.com\/es\/norte-de-peru\/","title":{"rendered":"Tours al Norte de Per\u00fa"},"content":{"rendered":"<section class=\"wpb-content-wrapper\"><p>[vc_row][vc_column el_id=\u00bbcajamarca\u00bb]<div class=\"widget widget-sidebar \"><div class=\"s-title\"><h2>Cajamarca<\/h2><\/div><div class=\"deals\"><div class=\"row\"><article data-tour-id=\"8502\" class=\"tour_item one-third \"><div><a href=\"https:\/\/travelpaxperu.com\/es\/tours\/3d-2n-cajamarca\/\" title=\"3D\/2N Cajamarca\"><figure><div class='promo-ribbon '><span>\u00a1Nuevo!<\/span><\/div><img loading=\"lazy\" decoding=\"async\" width=\"400\" height=\"300\" src=\"https:\/\/travelpaxperu.com\/wp-content\/uploads\/2024\/09\/Cajamarca-Cumbemayo-Travel-Pax-Peru-400x300.jpg\" class=\"attachment-thumbnail size-thumbnail wp-post-image\" alt=\"Cajamarca Cumbemayo Travel Pax Peru\" title=\"Cajamarca Cumbemayo Travel Pax Peru\" srcset=\"https:\/\/travelpaxperu.com\/wp-content\/uploads\/2024\/09\/Cajamarca-Cumbemayo-Travel-Pax-Peru-400x300.jpg 400w, https:\/\/travelpaxperu.com\/wp-content\/uploads\/2024\/09\/Cajamarca-Cumbemayo-Travel-Pax-Peru-300x225.jpg 300w, https:\/\/travelpaxperu.com\/wp-content\/uploads\/2024\/09\/Cajamarca-Cumbemayo-Travel-Pax-Peru-768x576.jpg 768w, https:\/\/travelpaxperu.com\/wp-content\/uploads\/2024\/09\/Cajamarca-Cumbemayo-Travel-Pax-Peru-600x450.jpg 600w, https:\/\/travelpaxperu.com\/wp-content\/uploads\/2024\/09\/Cajamarca-Cumbemayo-Travel-Pax-Peru.jpg 800w\" sizes=\"auto, (max-width: 400px) 100vw, 400px\" \/><\/figure><\/a><div class=\"details hide-description hide-rating hide-address \"><div class='item-header'><h3><a href=\"https:\/\/travelpaxperu.com\/es\/tours\/3d-2n-cajamarca\/\" title=\"3D\/2N Cajamarca\">3D\/2N Cajamarca<\/a><\/h3><\/div>\t\t<div class=\"item_price\" style=\"display:none\">\n\t\t\tFrom\t\t\t\t\t\t<span class=\"price\">\n\t\t\t\t<em>\n\t\t\t\t\t\t\t\t<span class=\"curr\"><\/span>\n\t\t\t\t<span class=\"amount\"><\/span>\n\t\t\t\t\t\t\t\t<\/em>\n\t\t\t<\/span>\n\t\t\t\t<\/div>\n\t\t<div class='actions'><a href='https:\/\/travelpaxperu.com\/es\/tours\/3d-2n-cajamarca\/' class='gradient-button edit-entity'  data-id='8502'  title='Reservar ahora'>Reservar ahora<\/a><\/div><\/div><!--\/\/details--><a href=\"https:\/\/travelpaxperu.com\/es\/tours\/3d-2n-cajamarca\/\" class=\"overlay-link\"><\/a><\/div><\/article><!--\/\/tour_item--><article data-tour-id=\"8503\" class=\"tour_item one-third \"><div><a href=\"https:\/\/travelpaxperu.com\/es\/tours\/4d-3n-cajamarca\/\" title=\"4D\/3N Cajamarca\"><figure><div class='promo-ribbon '><span>\u00a1Nuevo!<\/span><\/div><img loading=\"lazy\" decoding=\"async\" width=\"400\" height=\"300\" src=\"https:\/\/travelpaxperu.com\/wp-content\/uploads\/2024\/09\/Cajamarca-Banos-de-Inca-Travel-Pax-Peru-400x300.jpg\" class=\"attachment-thumbnail size-thumbnail wp-post-image\" alt=\"Cajamarca Ba\u00f1os de Inca Travel Pax Peru\" title=\"Cajamarca Ba\u00f1os de Inca Travel Pax Peru\" srcset=\"https:\/\/travelpaxperu.com\/wp-content\/uploads\/2024\/09\/Cajamarca-Banos-de-Inca-Travel-Pax-Peru-400x300.jpg 400w, https:\/\/travelpaxperu.com\/wp-content\/uploads\/2024\/09\/Cajamarca-Banos-de-Inca-Travel-Pax-Peru-300x225.jpg 300w, https:\/\/travelpaxperu.com\/wp-content\/uploads\/2024\/09\/Cajamarca-Banos-de-Inca-Travel-Pax-Peru-768x576.jpg 768w, https:\/\/travelpaxperu.com\/wp-content\/uploads\/2024\/09\/Cajamarca-Banos-de-Inca-Travel-Pax-Peru-600x450.jpg 600w, https:\/\/travelpaxperu.com\/wp-content\/uploads\/2024\/09\/Cajamarca-Banos-de-Inca-Travel-Pax-Peru.jpg 800w\" sizes=\"auto, (max-width: 400px) 100vw, 400px\" \/><\/figure><\/a><div class=\"details hide-description hide-rating hide-address \"><div class='item-header'><h3><a href=\"https:\/\/travelpaxperu.com\/es\/tours\/4d-3n-cajamarca\/\" title=\"4D\/3N Cajamarca\">4D\/3N Cajamarca<\/a><\/h3><\/div>\t\t<div class=\"item_price\" style=\"display:none\">\n\t\t\tFrom\t\t\t\t\t\t<span class=\"price\">\n\t\t\t\t<em>\n\t\t\t\t\t\t\t\t<span class=\"curr\"><\/span>\n\t\t\t\t<span class=\"amount\"><\/span>\n\t\t\t\t\t\t\t\t<\/em>\n\t\t\t<\/span>\n\t\t\t\t<\/div>\n\t\t<div class='actions'><a href='https:\/\/travelpaxperu.com\/es\/tours\/4d-3n-cajamarca\/' class='gradient-button edit-entity'  data-id='8503'  title='Reservar ahora'>Reservar ahora<\/a><\/div><\/div><!--\/\/details--><a href=\"https:\/\/travelpaxperu.com\/es\/tours\/4d-3n-cajamarca\/\" class=\"overlay-link\"><\/a><\/div><\/article><!--\/\/tour_item--><article data-tour-id=\"8504\" class=\"tour_item one-third \"><div><a href=\"https:\/\/travelpaxperu.com\/es\/tours\/5d-4n-cajamarca\/\" title=\"5D\/4N Cajamarca\"><figure><div class='promo-ribbon '><span>\u00a1Nuevo!<\/span><\/div><img loading=\"lazy\" decoding=\"async\" width=\"400\" height=\"300\" src=\"https:\/\/travelpaxperu.com\/wp-content\/uploads\/2024\/09\/Cajamarca-Bosque-Sapitos-Travel-Pax-Peru-400x300.jpg\" class=\"attachment-thumbnail size-thumbnail wp-post-image\" alt=\"Cajamarca Bosque Sapitos Travel Pax Peru\" title=\"Cajamarca Bosque Sapitos Travel Pax Peru\" srcset=\"https:\/\/travelpaxperu.com\/wp-content\/uploads\/2024\/09\/Cajamarca-Bosque-Sapitos-Travel-Pax-Peru-400x300.jpg 400w, https:\/\/travelpaxperu.com\/wp-content\/uploads\/2024\/09\/Cajamarca-Bosque-Sapitos-Travel-Pax-Peru-300x225.jpg 300w, https:\/\/travelpaxperu.com\/wp-content\/uploads\/2024\/09\/Cajamarca-Bosque-Sapitos-Travel-Pax-Peru-768x576.jpg 768w, https:\/\/travelpaxperu.com\/wp-content\/uploads\/2024\/09\/Cajamarca-Bosque-Sapitos-Travel-Pax-Peru-600x450.jpg 600w, https:\/\/travelpaxperu.com\/wp-content\/uploads\/2024\/09\/Cajamarca-Bosque-Sapitos-Travel-Pax-Peru.jpg 800w\" sizes=\"auto, (max-width: 400px) 100vw, 400px\" \/><\/figure><\/a><div class=\"details hide-description hide-rating hide-address \"><div class='item-header'><h3><a href=\"https:\/\/travelpaxperu.com\/es\/tours\/5d-4n-cajamarca\/\" title=\"5D\/4N Cajamarca\">5D\/4N Cajamarca<\/a><\/h3><\/div>\t\t<div class=\"item_price\" style=\"display:none\">\n\t\t\tFrom\t\t\t\t\t\t<span class=\"price\">\n\t\t\t\t<em>\n\t\t\t\t\t\t\t\t<span class=\"curr\"><\/span>\n\t\t\t\t<span class=\"amount\"><\/span>\n\t\t\t\t\t\t\t\t<\/em>\n\t\t\t<\/span>\n\t\t\t\t<\/div>\n\t\t<div class='actions'><a href='https:\/\/travelpaxperu.com\/es\/tours\/5d-4n-cajamarca\/' class='gradient-button edit-entity'  data-id='8504'  title='Reservar ahora'>Reservar ahora<\/a><\/div><\/div><!--\/\/details--><a href=\"https:\/\/travelpaxperu.com\/es\/tours\/5d-4n-cajamarca\/\" class=\"overlay-link\"><\/a><\/div><\/article><!--\/\/tour_item--><\/div><!--row--><\/div><!--deals--><\/div>[\/vc_column][\/vc_row][vc_row][vc_column el_id=\u00bbcosta\u00bb]<div class=\"widget widget-sidebar \"><div class=\"s-title\"><h2>Costa Norte de Per\u00fa<\/h2><\/div><div class=\"deals\"><div class=\"row\"><article data-tour-id=\"4244\" class=\"tour_item one-third \"><div><a href=\"https:\/\/travelpaxperu.com\/es\/tours\/5-dias-paquete-turistico-norte-peru\/\" title=\"5D\/4N Paquete Tur\u00edstico Nororiente Del Per\u00fa\"><figure><img loading=\"lazy\" decoding=\"async\" width=\"400\" height=\"300\" src=\"https:\/\/travelpaxperu.com\/wp-content\/uploads\/2020\/03\/Kuelap-2-400x300.jpg\" class=\"attachment-thumbnail size-thumbnail wp-post-image\" alt=\"\" title=\"Kuelap\" srcset=\"https:\/\/travelpaxperu.com\/wp-content\/uploads\/2020\/03\/Kuelap-2-400x300.jpg 400w, https:\/\/travelpaxperu.com\/wp-content\/uploads\/2020\/03\/Kuelap-2-600x450.jpg 600w, https:\/\/travelpaxperu.com\/wp-content\/uploads\/2020\/03\/Kuelap-2-300x225.jpg 300w, https:\/\/travelpaxperu.com\/wp-content\/uploads\/2020\/03\/Kuelap-2-768x576.jpg 768w, https:\/\/travelpaxperu.com\/wp-content\/uploads\/2020\/03\/Kuelap-2.jpg 800w\" sizes=\"auto, (max-width: 400px) 100vw, 400px\" \/><\/figure><\/a><div class=\"details hide-description hide-rating hide-address \"><div class='item-header'><h3><a href=\"https:\/\/travelpaxperu.com\/es\/tours\/5-dias-paquete-turistico-norte-peru\/\" title=\"5D\/4N Paquete Tur\u00edstico Nororiente Del Per\u00fa\">5D\/4N Paquete Tur\u00edstico Nororiente Del Per\u00fa<\/a><\/h3><\/div>\t\t<div class=\"item_price\" style=\"display:none\">\n\t\t\tFrom\t\t\t\t\t\t<span class=\"price\">\n\t\t\t\t<em>\n\t\t\t\t\t\t\t\t<span class=\"curr\"><\/span>\n\t\t\t\t<span class=\"amount\"><\/span>\n\t\t\t\t\t\t\t\t<\/em>\n\t\t\t<\/span>\n\t\t\t\t<\/div>\n\t\t<div class='actions'><a href='https:\/\/travelpaxperu.com\/es\/tours\/5-dias-paquete-turistico-norte-peru\/' class='gradient-button edit-entity'  data-id='4244'  title='Reservar ahora'>Reservar ahora<\/a><\/div><\/div><!--\/\/details--><a href=\"https:\/\/travelpaxperu.com\/es\/tours\/5-dias-paquete-turistico-norte-peru\/\" class=\"overlay-link\"><\/a><\/div><\/article><!--\/\/tour_item--><article data-tour-id=\"4458\" class=\"tour_item one-third \"><div><a href=\"https:\/\/travelpaxperu.com\/es\/tours\/11-dias-norte-de-peru\/\" title=\"11D\/10N Tours En El Norte De Peru\"><figure><img loading=\"lazy\" decoding=\"async\" width=\"400\" height=\"300\" src=\"https:\/\/travelpaxperu.com\/wp-content\/uploads\/2020\/03\/Cost-North-Peru-Travel-Pax-400x300.jpg\" class=\"attachment-thumbnail size-thumbnail wp-post-image\" alt=\"\" title=\"Cost-North-Peru-Travel-Pax\" srcset=\"https:\/\/travelpaxperu.com\/wp-content\/uploads\/2020\/03\/Cost-North-Peru-Travel-Pax-400x300.jpg 400w, https:\/\/travelpaxperu.com\/wp-content\/uploads\/2020\/03\/Cost-North-Peru-Travel-Pax-600x450.jpg 600w, https:\/\/travelpaxperu.com\/wp-content\/uploads\/2020\/03\/Cost-North-Peru-Travel-Pax-300x225.jpg 300w, https:\/\/travelpaxperu.com\/wp-content\/uploads\/2020\/03\/Cost-North-Peru-Travel-Pax-768x576.jpg 768w, https:\/\/travelpaxperu.com\/wp-content\/uploads\/2020\/03\/Cost-North-Peru-Travel-Pax.jpg 800w\" sizes=\"auto, (max-width: 400px) 100vw, 400px\" \/><\/figure><\/a><div class=\"details hide-description hide-rating hide-address \"><div class='item-header'><h3><a href=\"https:\/\/travelpaxperu.com\/es\/tours\/11-dias-norte-de-peru\/\" title=\"11D\/10N Tours En El Norte De Peru\">11D\/10N Tours En El Norte De Peru<\/a><\/h3><\/div>\t\t<div class=\"item_price\" style=\"display:none\">\n\t\t\tFrom\t\t\t\t\t\t<span class=\"price\">\n\t\t\t\t<em>\n\t\t\t\t\t\t\t\t<span class=\"curr\"><\/span>\n\t\t\t\t<span class=\"amount\"><\/span>\n\t\t\t\t\t\t\t\t<\/em>\n\t\t\t<\/span>\n\t\t\t\t<\/div>\n\t\t<div class='actions'><a href='https:\/\/travelpaxperu.com\/es\/tours\/11-dias-norte-de-peru\/' class='gradient-button edit-entity'  data-id='4458'  title='Reservar ahora'>Reservar ahora<\/a><\/div><\/div><!--\/\/details--><a href=\"https:\/\/travelpaxperu.com\/es\/tours\/11-dias-norte-de-peru\/\" class=\"overlay-link\"><\/a><\/div><\/article><!--\/\/tour_item--><article data-tour-id=\"7865\" class=\"tour_item one-third \"><div><a href=\"https:\/\/travelpaxperu.com\/es\/tours\/7-dias-costa-norte-peru\/\" title=\"7D\/6N Tour Costa Norte de Per\u00fa\"><figure><img loading=\"lazy\" decoding=\"async\" width=\"400\" height=\"300\" src=\"https:\/\/travelpaxperu.com\/wp-content\/uploads\/2020\/03\/Costa-Norte-Travel-Pax-400x300.jpg\" class=\"attachment-thumbnail size-thumbnail wp-post-image\" alt=\"\" title=\"Costa-Norte-Travel-Pax\" srcset=\"https:\/\/travelpaxperu.com\/wp-content\/uploads\/2020\/03\/Costa-Norte-Travel-Pax-400x300.jpg 400w, https:\/\/travelpaxperu.com\/wp-content\/uploads\/2020\/03\/Costa-Norte-Travel-Pax-600x450.jpg 600w, https:\/\/travelpaxperu.com\/wp-content\/uploads\/2020\/03\/Costa-Norte-Travel-Pax-300x225.jpg 300w, https:\/\/travelpaxperu.com\/wp-content\/uploads\/2020\/03\/Costa-Norte-Travel-Pax-768x576.jpg 768w, https:\/\/travelpaxperu.com\/wp-content\/uploads\/2020\/03\/Costa-Norte-Travel-Pax.jpg 800w\" sizes=\"auto, (max-width: 400px) 100vw, 400px\" \/><\/figure><\/a><div class=\"details hide-description hide-rating hide-address \"><div class='item-header'><h3><a href=\"https:\/\/travelpaxperu.com\/es\/tours\/7-dias-costa-norte-peru\/\" title=\"7D\/6N Tour Costa Norte de Per\u00fa\">7D\/6N Tour Costa Norte de Per\u00fa<\/a><\/h3><\/div>\t\t<div class=\"item_price\" style=\"display:none\">\n\t\t\tFrom\t\t\t\t\t\t<span class=\"price\">\n\t\t\t\t<em>\n\t\t\t\t\t\t\t\t<span class=\"curr\"><\/span>\n\t\t\t\t<span class=\"amount\"><\/span>\n\t\t\t\t\t\t\t\t<\/em>\n\t\t\t<\/span>\n\t\t\t\t<\/div>\n\t\t<div class='actions'><a href='https:\/\/travelpaxperu.com\/es\/tours\/7-dias-costa-norte-peru\/' class='gradient-button edit-entity'  data-id='7865'  title='Reservar ahora'>Reservar ahora<\/a><\/div><\/div><!--\/\/details--><a href=\"https:\/\/travelpaxperu.com\/es\/tours\/7-dias-costa-norte-peru\/\" class=\"overlay-link\"><\/a><\/div><\/article><!--\/\/tour_item--><article data-tour-id=\"4242\" class=\"tour_item one-third \"><div><a href=\"https:\/\/travelpaxperu.com\/es\/tours\/5-dias-paquete-turistico-norte-de-peru\/\" title=\"5D\/4N Explore el Norte de Per\u00fa\"><figure><img loading=\"lazy\" decoding=\"async\" width=\"400\" height=\"300\" src=\"https:\/\/travelpaxperu.com\/wp-content\/uploads\/2020\/03\/Huacas-del-Sol-y-La-Luna-Travel-Pax-400x300.jpg\" class=\"attachment-thumbnail size-thumbnail wp-post-image\" alt=\"\" title=\"Huacas-del-Sol-y-La-Luna-Travel-Pax\" srcset=\"https:\/\/travelpaxperu.com\/wp-content\/uploads\/2020\/03\/Huacas-del-Sol-y-La-Luna-Travel-Pax-400x300.jpg 400w, https:\/\/travelpaxperu.com\/wp-content\/uploads\/2020\/03\/Huacas-del-Sol-y-La-Luna-Travel-Pax-600x450.jpg 600w, https:\/\/travelpaxperu.com\/wp-content\/uploads\/2020\/03\/Huacas-del-Sol-y-La-Luna-Travel-Pax-300x225.jpg 300w, https:\/\/travelpaxperu.com\/wp-content\/uploads\/2020\/03\/Huacas-del-Sol-y-La-Luna-Travel-Pax-768x576.jpg 768w, https:\/\/travelpaxperu.com\/wp-content\/uploads\/2020\/03\/Huacas-del-Sol-y-La-Luna-Travel-Pax.jpg 800w\" sizes=\"auto, (max-width: 400px) 100vw, 400px\" \/><\/figure><\/a><div class=\"details hide-description hide-rating hide-address \"><div class='item-header'><h3><a href=\"https:\/\/travelpaxperu.com\/es\/tours\/5-dias-paquete-turistico-norte-de-peru\/\" title=\"5D\/4N Explore el Norte de Per\u00fa\">5D\/4N Explore el Norte de Per\u00fa<\/a><\/h3><\/div>\t\t<div class=\"item_price\" style=\"display:none\">\n\t\t\tFrom\t\t\t\t\t\t<span class=\"price\">\n\t\t\t\t<em>\n\t\t\t\t\t\t\t\t<span class=\"curr\"><\/span>\n\t\t\t\t<span class=\"amount\"><\/span>\n\t\t\t\t\t\t\t\t<\/em>\n\t\t\t<\/span>\n\t\t\t\t<\/div>\n\t\t<div class='actions'><a href='https:\/\/travelpaxperu.com\/es\/tours\/5-dias-paquete-turistico-norte-de-peru\/' class='gradient-button edit-entity'  data-id='4242'  title='Reservar ahora'>Reservar ahora<\/a><\/div><\/div><!--\/\/details--><a href=\"https:\/\/travelpaxperu.com\/es\/tours\/5-dias-paquete-turistico-norte-de-peru\/\" class=\"overlay-link\"><\/a><\/div><\/article><!--\/\/tour_item--><\/div><!--row--><\/div><!--deals--><\/div>[\/vc_column][\/vc_row]<\/p>\n<\/section>","protected":false},"excerpt":{"rendered":"<p>[vc_row][vc_column el_id=\u00bbcajamarca\u00bb][\/vc_column][\/vc_row][vc_row][vc_column el_id=\u00bbcosta\u00bb][\/vc_column][\/vc_row]<\/p>\n","protected":false},"author":2,"featured_media":0,"parent":0,"menu_order":0,"comment_status":"closed","ping_status":"closed","template":"","meta":{"inline_featured_image":false,"footnotes":""},"class_list":["post-7834","page","type-page","status-publish","hentry"],"yoast_head":"<!-- This site is optimized with the Yoast SEO plugin v23.7 - https:\/\/yoast.com\/wordpress\/plugins\/seo\/ -->\n<title>Tours al Norte de Per\u00fa - Travel Pax Peru<\/title>\n<meta name=\"description\" content=\"Reserva Tours en Costa Norte, Per\u00fa al mejor precio. Paquetes Tur\u00edsticos a Playas del Norte Peruano: Punta Sal, M\u00e1ncora, Zorritos, Tumbes, Piura.\" \/>\n<meta name=\"robots\" content=\"index, follow, max-snippet:-1, max-image-preview:large, max-video-preview:-1\" \/>\n<link rel=\"canonical\" href=\"https:\/\/travelpaxperu.com\/es\/norte-de-peru\/\" \/>\n<meta property=\"og:locale\" content=\"es_ES\" \/>\n<meta property=\"og:type\" content=\"article\" \/>\n<meta property=\"og:title\" content=\"\ud83e\uddf3 Los Mejores Tours al Norte de Per\u00fa\" \/>\n<meta property=\"og:description\" content=\"Paquetes Tur\u00edsticos con alojamiento y comidas incluida.\" \/>\n<meta property=\"og:url\" content=\"https:\/\/travelpaxperu.com\/es\/norte-de-peru\/\" \/>\n<meta property=\"og:site_name\" content=\"Travel Pax Peru\" \/>\n<meta property=\"article:modified_time\" content=\"2024-10-03T18:53:50+00:00\" \/>\n<meta property=\"og:image\" content=\"https:\/\/travelpaxperu.com\/wp-content\/uploads\/2023\/05\/p1.jpg\" \/>\n\t<meta property=\"og:image:width\" content=\"1200\" \/>\n\t<meta property=\"og:image:height\" content=\"685\" \/>\n\t<meta property=\"og:image:type\" content=\"image\/jpeg\" \/>\n<meta name=\"twitter:card\" content=\"summary_large_image\" \/>\n<meta name=\"twitter:label1\" content=\"Tiempo de lectura\" \/>\n\t<meta name=\"twitter:data1\" content=\"1 minuto\" \/>\n<script type=\"application\/ld+json\" class=\"yoast-schema-graph\">{\"@context\":\"https:\/\/schema.org\",\"@graph\":[{\"@type\":\"WebPage\",\"@id\":\"https:\/\/travelpaxperu.com\/es\/norte-de-peru\/\",\"url\":\"https:\/\/travelpaxperu.com\/es\/norte-de-peru\/\",\"name\":\"Tours al Norte de Per\u00fa - Travel Pax Peru\",\"isPartOf\":{\"@id\":\"https:\/\/travelpaxperu.com\/es\/#website\"},\"datePublished\":\"2023-05-04T20:37:11+00:00\",\"dateModified\":\"2024-10-03T18:53:50+00:00\",\"description\":\"Reserva Tours en Costa Norte, Per\u00fa al mejor precio. Paquetes Tur\u00edsticos a Playas del Norte Peruano: Punta Sal, M\u00e1ncora, Zorritos, Tumbes, Piura.\",\"inLanguage\":\"es\",\"potentialAction\":[{\"@type\":\"ReadAction\",\"target\":[\"https:\/\/travelpaxperu.com\/es\/norte-de-peru\/\"]}]},{\"@type\":\"WebSite\",\"@id\":\"https:\/\/travelpaxperu.com\/es\/#website\",\"url\":\"https:\/\/travelpaxperu.com\/es\/\",\"name\":\"Travel Pax Peru\",\"description\":\"Agencia de Tours en Chachapoyas\",\"publisher\":{\"@id\":\"https:\/\/travelpaxperu.com\/es\/#organization\"},\"potentialAction\":[{\"@type\":\"SearchAction\",\"target\":{\"@type\":\"EntryPoint\",\"urlTemplate\":\"https:\/\/travelpaxperu.com\/es\/?s={search_term_string}\"},\"query-input\":{\"@type\":\"PropertyValueSpecification\",\"valueRequired\":true,\"valueName\":\"search_term_string\"}}],\"inLanguage\":\"es\"},{\"@type\":\"Organization\",\"@id\":\"https:\/\/travelpaxperu.com\/es\/#organization\",\"name\":\"Travel Pax Peru\",\"url\":\"https:\/\/travelpaxperu.com\/es\/\",\"logo\":{\"@type\":\"ImageObject\",\"inLanguage\":\"es\",\"@id\":\"https:\/\/travelpaxperu.com\/es\/#\/schema\/logo\/image\/\",\"url\":\"https:\/\/travelpaxperu.com\/wp-content\/uploads\/2023\/05\/travel-pax-v-01.svg\",\"contentUrl\":\"https:\/\/travelpaxperu.com\/wp-content\/uploads\/2023\/05\/travel-pax-v-01.svg\",\"caption\":\"Travel Pax Peru\"},\"image\":{\"@id\":\"https:\/\/travelpaxperu.com\/es\/#\/schema\/logo\/image\/\"}}]}<\/script>\n<!-- \/ Yoast SEO plugin. -->","yoast_head_json":{"title":"Tours al Norte de Per\u00fa - Travel Pax Peru","description":"Reserva Tours en Costa Norte, Per\u00fa al mejor precio. Paquetes Tur\u00edsticos a Playas del Norte Peruano: Punta Sal, M\u00e1ncora, Zorritos, Tumbes, Piura.","robots":{"index":"index","follow":"follow","max-snippet":"max-snippet:-1","max-image-preview":"max-image-preview:large","max-video-preview":"max-video-preview:-1"},"canonical":"https:\/\/travelpaxperu.com\/es\/norte-de-peru\/","og_locale":"es_ES","og_type":"article","og_title":"\ud83e\uddf3 Los Mejores Tours al Norte de Per\u00fa","og_description":"Paquetes Tur\u00edsticos con alojamiento y comidas incluida.","og_url":"https:\/\/travelpaxperu.com\/es\/norte-de-peru\/","og_site_name":"Travel Pax Peru","article_modified_time":"2024-10-03T18:53:50+00:00","og_image":[{"width":1200,"height":685,"url":"https:\/\/travelpaxperu.com\/wp-content\/uploads\/2023\/05\/p1.jpg","type":"image\/jpeg"}],"twitter_card":"summary_large_image","twitter_misc":{"Tiempo de lectura":"1 minuto"},"schema":{"@context":"https:\/\/schema.org","@graph":[{"@type":"WebPage","@id":"https:\/\/travelpaxperu.com\/es\/norte-de-peru\/","url":"https:\/\/travelpaxperu.com\/es\/norte-de-peru\/","name":"Tours al Norte de Per\u00fa - Travel Pax Peru","isPartOf":{"@id":"https:\/\/travelpaxperu.com\/es\/#website"},"datePublished":"2023-05-04T20:37:11+00:00","dateModified":"2024-10-03T18:53:50+00:00","description":"Reserva Tours en Costa Norte, Per\u00fa al mejor precio. Paquetes Tur\u00edsticos a Playas del Norte Peruano: Punta Sal, M\u00e1ncora, Zorritos, Tumbes, Piura.","inLanguage":"es","potentialAction":[{"@type":"ReadAction","target":["https:\/\/travelpaxperu.com\/es\/norte-de-peru\/"]}]},{"@type":"WebSite","@id":"https:\/\/travelpaxperu.com\/es\/#website","url":"https:\/\/travelpaxperu.com\/es\/","name":"Travel Pax Peru","description":"Agencia de Tours en Chachapoyas","publisher":{"@id":"https:\/\/travelpaxperu.com\/es\/#organization"},"potentialAction":[{"@type":"SearchAction","target":{"@type":"EntryPoint","urlTemplate":"https:\/\/travelpaxperu.com\/es\/?s={search_term_string}"},"query-input":{"@type":"PropertyValueSpecification","valueRequired":true,"valueName":"search_term_string"}}],"inLanguage":"es"},{"@type":"Organization","@id":"https:\/\/travelpaxperu.com\/es\/#organization","name":"Travel Pax Peru","url":"https:\/\/travelpaxperu.com\/es\/","logo":{"@type":"ImageObject","inLanguage":"es","@id":"https:\/\/travelpaxperu.com\/es\/#\/schema\/logo\/image\/","url":"https:\/\/travelpaxperu.com\/wp-content\/uploads\/2023\/05\/travel-pax-v-01.svg","contentUrl":"https:\/\/travelpaxperu.com\/wp-content\/uploads\/2023\/05\/travel-pax-v-01.svg","caption":"Travel Pax Peru"},"image":{"@id":"https:\/\/travelpaxperu.com\/es\/#\/schema\/logo\/image\/"}}]}},"_links":{"self":[{"href":"https:\/\/travelpaxperu.com\/es\/wp-json\/wp\/v2\/pages\/7834","targetHints":{"allow":["GET"]}}],"collection":[{"href":"https:\/\/travelpaxperu.com\/es\/wp-json\/wp\/v2\/pages"}],"about":[{"href":"https:\/\/travelpaxperu.com\/es\/wp-json\/wp\/v2\/types\/page"}],"author":[{"embeddable":true,"href":"https:\/\/travelpaxperu.com\/es\/wp-json\/wp\/v2\/users\/2"}],"replies":[{"embeddable":true,"href":"https:\/\/travelpaxperu.com\/es\/wp-json\/wp\/v2\/comments?post=7834"}],"version-history":[{"count":5,"href":"https:\/\/travelpaxperu.com\/es\/wp-json\/wp\/v2\/pages\/7834\/revisions"}],"predecessor-version":[{"id":8597,"href":"https:\/\/travelpaxperu.com\/es\/wp-json\/wp\/v2\/pages\/7834\/revisions\/8597"}],"wp:attachment":[{"href":"https:\/\/travelpaxperu.com\/es\/wp-json\/wp\/v2\/media?parent=7834"}],"curies":[{"name":"wp","href":"https:\/\/api.w.org\/{rel}","templated":true}]}}