{"id":8317,"date":"2022-08-10T07:14:56","date_gmt":"2022-08-10T11:14:56","guid":{"rendered":"https:\/\/travelpaxperu.com\/travel-blog\/"},"modified":"2022-08-10T07:14:56","modified_gmt":"2022-08-10T11:14:56","slug":"travel-blog","status":"publish","type":"page","link":"https:\/\/travelpaxperu.com\/es\/travel-blog\/","title":{"rendered":"Travel Blog"},"content":{"rendered":"<section class=\"wpb-content-wrapper\"><p>[vc_row][vc_column][vc_column_text]<\/p>\n<h1>The Best Chachapoyas Tours and Things to Do in 2023<\/h1>\n<p>[\/vc_column_text]<div class=\"widget widget-sidebar \">\t\t\t<div class=\"s-title\">\n\t\t\t<h2><\/h2>\t\t\t<\/div> <div class=\"offers\"><div class=\"row\"><article class=\"post_item one-third\"><div><a href=\"https:\/\/travelpaxperu.com\/es\/blog-de-viaje\/paquetes-turisticos-en-chachapoyas-precios-y-reserva\/\" title=\"Los Mejores Paquetes Tur\u00edsticos en Per\u00fa 2023\"><figure><img loading=\"lazy\" decoding=\"async\" width=\"400\" height=\"300\" src=\"https:\/\/travelpaxperu.com\/wp-content\/uploads\/2022\/10\/Fortaleza-de-Kuelap-Travel-Pax-400x300.jpg\" class=\"attachment-thumbnail size-thumbnail wp-post-image\" alt=\"\" title=\"Fortaleza de Kuelap Travel Pax\" srcset=\"https:\/\/travelpaxperu.com\/wp-content\/uploads\/2022\/10\/Fortaleza-de-Kuelap-Travel-Pax-400x300.jpg 400w, https:\/\/travelpaxperu.com\/wp-content\/uploads\/2022\/10\/Fortaleza-de-Kuelap-Travel-Pax-600x450.jpg 600w, https:\/\/travelpaxperu.com\/wp-content\/uploads\/2022\/10\/Fortaleza-de-Kuelap-Travel-Pax-300x225.jpg 300w, https:\/\/travelpaxperu.com\/wp-content\/uploads\/2022\/10\/Fortaleza-de-Kuelap-Travel-Pax-768x576.jpg 768w, https:\/\/travelpaxperu.com\/wp-content\/uploads\/2022\/10\/Fortaleza-de-Kuelap-Travel-Pax.jpg 800w\" sizes=\"auto, (max-width: 400px) 100vw, 400px\" \/><\/figure><\/a><div class=\"details \"><div class='item-header'><h3><a href=\"https:\/\/travelpaxperu.com\/es\/blog-de-viaje\/paquetes-turisticos-en-chachapoyas-precios-y-reserva\/\" title=\"Los Mejores Paquetes Tur\u00edsticos en Per\u00fa 2023\">Los Mejores Paquetes Tur\u00edsticos en Per\u00fa 2023<\/a><\/h3><\/div><div class='description'>Contamos con las mejores ofertas para una gran variedad de atractivos tur\u00edsticos en Chachapoyas para que puedas elegir el que m\u00e1s te guste para disfrutar de tus vacaciones. Reserva paquetes de viajes econ\u00f3micos.<\/div><div class=\"actions\"><a href=\"https:\/\/travelpaxperu.com\/es\/blog-de-viaje\/paquetes-turisticos-en-chachapoyas-precios-y-reserva\/\" title=\"More info\" class=\" gradient-button\">More info<\/a><\/div><\/div><\/article><!--\/\/post_item--><article class=\"post_item one-third\"><div><a href=\"https:\/\/travelpaxperu.com\/es\/blog-de-viaje\/tours-reserva-nacional-pacaya-samiria-precios-y-reservas\/\" title=\"Tours en Reserva Nacional Pacaya Samiria\"><figure><img loading=\"lazy\" decoding=\"async\" width=\"400\" height=\"300\" src=\"https:\/\/travelpaxperu.com\/wp-content\/uploads\/2020\/03\/Pacaya-Samiria-Travel-Pax-400x300.jpg\" class=\"attachment-thumbnail size-thumbnail wp-post-image\" alt=\"\" title=\"Pacaya-Samiria-Travel-Pax\" srcset=\"https:\/\/travelpaxperu.com\/wp-content\/uploads\/2020\/03\/Pacaya-Samiria-Travel-Pax-400x300.jpg 400w, https:\/\/travelpaxperu.com\/wp-content\/uploads\/2020\/03\/Pacaya-Samiria-Travel-Pax-600x450.jpg 600w, https:\/\/travelpaxperu.com\/wp-content\/uploads\/2020\/03\/Pacaya-Samiria-Travel-Pax-300x225.jpg 300w, https:\/\/travelpaxperu.com\/wp-content\/uploads\/2020\/03\/Pacaya-Samiria-Travel-Pax-768x576.jpg 768w, https:\/\/travelpaxperu.com\/wp-content\/uploads\/2020\/03\/Pacaya-Samiria-Travel-Pax.jpg 800w\" sizes=\"auto, (max-width: 400px) 100vw, 400px\" \/><\/figure><\/a><div class=\"details \"><div class='item-header'><h3><a href=\"https:\/\/travelpaxperu.com\/es\/blog-de-viaje\/tours-reserva-nacional-pacaya-samiria-precios-y-reservas\/\" title=\"Tours en Reserva Nacional Pacaya Samiria\">Tours en Reserva Nacional Pacaya Samiria<\/a><\/h3><\/div><div class='description'>Ofrecemos tours de entre 3 y 13 d\u00edas para conocer la selva peruana. Mientras m\u00e1s tiempo tengas para explorar y adentrarte en esta reserva nacional, m\u00e1s flora y fauna impresionante encontrar\u00e1s \u00a1Reserva ahora!<\/div><div class=\"actions\"><a href=\"https:\/\/travelpaxperu.com\/es\/blog-de-viaje\/tours-reserva-nacional-pacaya-samiria-precios-y-reservas\/\" title=\"More info\" class=\" gradient-button\">More info<\/a><\/div><\/div><\/article><!--\/\/post_item--><article class=\"post_item one-third\"><div><a href=\"https:\/\/travelpaxperu.com\/es\/blog-de-viaje\/descubrimientos-huaca-de-la-luna\/\" title=\"Huaca de La Luna Trujillo | Hallazgo 2022\"><figure><img loading=\"lazy\" decoding=\"async\" width=\"400\" height=\"300\" src=\"https:\/\/travelpaxperu.com\/wp-content\/uploads\/2022\/10\/Excavacion-en-Huaca-de-La-Luna-400x300.jpg\" class=\"attachment-thumbnail size-thumbnail wp-post-image\" alt=\"\" title=\"Excavacion-en-Huaca-de-La-Luna\" srcset=\"https:\/\/travelpaxperu.com\/wp-content\/uploads\/2022\/10\/Excavacion-en-Huaca-de-La-Luna-400x300.jpg 400w, https:\/\/travelpaxperu.com\/wp-content\/uploads\/2022\/10\/Excavacion-en-Huaca-de-La-Luna-600x450.jpg 600w, https:\/\/travelpaxperu.com\/wp-content\/uploads\/2022\/10\/Excavacion-en-Huaca-de-La-Luna-300x225.jpg 300w, https:\/\/travelpaxperu.com\/wp-content\/uploads\/2022\/10\/Excavacion-en-Huaca-de-La-Luna-768x576.jpg 768w, https:\/\/travelpaxperu.com\/wp-content\/uploads\/2022\/10\/Excavacion-en-Huaca-de-La-Luna.jpg 800w\" sizes=\"auto, (max-width: 400px) 100vw, 400px\" \/><\/figure><\/a><div class=\"details \"><div class='item-header'><h3><a href=\"https:\/\/travelpaxperu.com\/es\/blog-de-viaje\/descubrimientos-huaca-de-la-luna\/\" title=\"Huaca de La Luna Trujillo | Hallazgo 2022\">Huaca de La Luna Trujillo | Hallazgo 2022<\/a><\/h3><\/div><div class='description'>Hallan Tumba de hace 1400 a\u00f1os en Huaca de La Luna, Trujillo. Restos humanos que datan del a\u00f1o 600 a.C. fueron encontrados enterrados con ofrendas de vasijas finas y metales, en la huaca de La Luna, Trujillo.<\/div><div class=\"actions\"><a href=\"https:\/\/travelpaxperu.com\/es\/blog-de-viaje\/descubrimientos-huaca-de-la-luna\/\" title=\"More info\" class=\" gradient-button\">More info<\/a><\/div><\/div><\/article><!--\/\/post_item--><\/div><!--row--><\/div><!--offers--><\/div>[\/vc_column][\/vc_row][vc_row css=\u00bb.vc_custom_1662961882735{margin-top: 40px !important;}\u00bb][vc_column][vc_column_text]<\/p>\n<h2>Pax Travel Peru &#8211; Tour Operador in Chachapoyas, Peru<\/h2>\n<p>[\/vc_column_text][vc_gmaps link=\u00bb#E-8_JTNDaWZyYW1lJTIwc3JjJTNEJTIyaHR0cHMlM0ElMkYlMkZ3d3cuZ29vZ2xlLmNvbSUyRm1hcHMlMkZlbWJlZCUzRnBiJTNEJTIxMW0xOCUyMTFtMTIlMjExbTMlMjExZDM5NjYuMjYyNDIyMzExOTgyNCUyMTJkLTc3Ljg3NTAxNzk4NTIzMDc4JTIxM2QtNi4yMjkwOTI4OTU0OTA5MDQlMjEybTMlMjExZjAlMjEyZjAlMjEzZjAlMjEzbTIlMjExaTEwMjQlMjEyaTc2OCUyMTRmMTMuMSUyMTNtMyUyMTFtMiUyMTFzMHg5MWI2YWI1MjNkOTEwZGIzJTI1M0EweGRkOGVlNTIyMWEyNDY3YWUlMjEyc1RyYXZlbFBheCUyMTVlMCUyMTNtMiUyMTFzZXMlMjEyc2FyJTIxNHYxNjgzMzE5Nzk5MjEzJTIxNW0yJTIxMXNlcyUyMTJzYXIlMjIlMjB3aWR0aCUzRCUyMjEwMCUyNSUyMiUyMGhlaWdodCUzRCUyMjQ1MCUyMiUyMHN0eWxlJTNEJTIyYm9yZGVyJTNBMCUzQiUyMiUyMGFsbG93ZnVsbHNjcmVlbiUzRCUyMiUyMiUyMGxvYWRpbmclM0QlMjJsYXp5JTIyJTIwcmVmZXJyZXJwb2xpY3klM0QlMjJuby1yZWZlcnJlci13aGVuLWRvd25ncmFkZSUyMiUzRSUzQyUyRmlmcmFtZSUzRQ==\u00bb][\/vc_column][\/vc_row]<\/p>\n<\/section>","protected":false},"excerpt":{"rendered":"<p>[vc_row][vc_column][vc_column_text] The Best Chachapoyas Tours and Things to Do in 2023 [\/vc_column_text][\/vc_column][\/vc_row][vc_row css=\u00bb.vc_custom_1662961882735{margin-top: 40px !important;}\u00bb][vc_column][vc_column_text] Pax Travel Peru &#8211; Tour Operador in Chachapoyas, Peru [\/vc_column_text][vc_gmaps link=\u00bb#E-8_JTNDaWZyYW1lJTIwc3JjJTNEJTIyaHR0cHMlM0ElMkYlMkZ3d3cuZ29vZ2xlLmNvbSUyRm1hcHMlMkZlbWJlZCUzRnBiJTNEJTIxMW0xOCUyMTFtMTIlMjExbTMlMjExZDM5NjYuMjYyNDIyMzExOTgyNCUyMTJkLTc3Ljg3NTAxNzk4NTIzMDc4JTIxM2QtNi4yMjkwOTI4OTU0OTA5MDQlMjEybTMlMjExZjAlMjEyZjAlMjEzZjAlMjEzbTIlMjExaTEwMjQlMjEyaTc2OCUyMTRmMTMuMSUyMTNtMyUyMTFtMiUyMTFzMHg5MWI2YWI1MjNkOTEwZGIzJTI1M0EweGRkOGVlNTIyMWEyNDY3YWUlMjEyc1RyYXZlbFBheCUyMTVlMCUyMTNtMiUyMTFzZXMlMjEyc2FyJTIxNHYxNjgzMzE5Nzk5MjEzJTIxNW0yJTIxMXNlcyUyMTJzYXIlMjIlMjB3aWR0aCUzRCUyMjEwMCUyNSUyMiUyMGhlaWdodCUzRCUyMjQ1MCUyMiUyMHN0eWxlJTNEJTIyYm9yZGVyJTNBMCUzQiUyMiUyMGFsbG93ZnVsbHNjcmVlbiUzRCUyMiUyMiUyMGxvYWRpbmclM0QlMjJsYXp5JTIyJTIwcmVmZXJyZXJwb2xpY3klM0QlMjJuby1yZWZlcnJlci13aGVuLWRvd25ncmFkZSUyMiUzRSUzQyUyRmlmcmFtZSUzRQ==\u00bb][\/vc_column][\/vc_row]<\/p>\n","protected":false},"author":2,"featured_media":7746,"parent":0,"menu_order":0,"comment_status":"closed","ping_status":"closed","template":"","meta":{"inline_featured_image":false,"footnotes":""},"class_list":["post-8317","page","type-page","status-publish","has-post-thumbnail","hentry"],"yoast_head":"<!-- This site is optimized with the Yoast SEO plugin v23.7 - https:\/\/yoast.com\/wordpress\/plugins\/seo\/ -->\n<title>Travel Blog - Travel Pax Peru<\/title>\n<meta name=\"robots\" content=\"index, follow, max-snippet:-1, max-image-preview:large, max-video-preview:-1\" \/>\n<link rel=\"canonical\" href=\"https:\/\/travelpaxperu.com\/es\/travel-blog\/\" \/>\n<meta property=\"og:locale\" content=\"es_ES\" \/>\n<meta property=\"og:type\" content=\"article\" \/>\n<meta property=\"og:title\" content=\"Travel Blog - Travel Pax Peru\" \/>\n<meta property=\"og:description\" content=\"[vc_row][vc_column][vc_column_text] The Best Chachapoyas Tours and Things to Do in 2023 [\/vc_column_text][\/vc_column][\/vc_row][vc_row css=\u00bb.vc_custom_1662961882735{margin-top: 40px !important;}\u00bb][vc_column][vc_column_text] Pax Travel Peru &#8211; Tour Operador in Chachapoyas, Peru [\/vc_column_text][vc_gmaps link=\u00bb#E-8_JTNDaWZyYW1lJTIwc3JjJTNEJTIyaHR0cHMlM0ElMkYlMkZ3d3cuZ29vZ2xlLmNvbSUyRm1hcHMlMkZlbWJlZCUzRnBiJTNEJTIxMW0xOCUyMTFtMTIlMjExbTMlMjExZDM5NjYuMjYyNDIyMzExOTgyNCUyMTJkLTc3Ljg3NTAxNzk4NTIzMDc4JTIxM2QtNi4yMjkwOTI4OTU0OTA5MDQlMjEybTMlMjExZjAlMjEyZjAlMjEzZjAlMjEzbTIlMjExaTEwMjQlMjEyaTc2OCUyMTRmMTMuMSUyMTNtMyUyMTFtMiUyMTFzMHg5MWI2YWI1MjNkOTEwZGIzJTI1M0EweGRkOGVlNTIyMWEyNDY3YWUlMjEyc1RyYXZlbFBheCUyMTVlMCUyMTNtMiUyMTFzZXMlMjEyc2FyJTIxNHYxNjgzMzE5Nzk5MjEzJTIxNW0yJTIxMXNlcyUyMTJzYXIlMjIlMjB3aWR0aCUzRCUyMjEwMCUyNSUyMiUyMGhlaWdodCUzRCUyMjQ1MCUyMiUyMHN0eWxlJTNEJTIyYm9yZGVyJTNBMCUzQiUyMiUyMGFsbG93ZnVsbHNjcmVlbiUzRCUyMiUyMiUyMGxvYWRpbmclM0QlMjJsYXp5JTIyJTIwcmVmZXJyZXJwb2xpY3klM0QlMjJuby1yZWZlcnJlci13aGVuLWRvd25ncmFkZSUyMiUzRSUzQyUyRmlmcmFtZSUzRQ==\u00bb][\/vc_column][\/vc_row]\" \/>\n<meta property=\"og:url\" content=\"https:\/\/travelpaxperu.com\/es\/travel-blog\/\" \/>\n<meta property=\"og:site_name\" content=\"Travel Pax Peru\" \/>\n<meta property=\"og:image\" content=\"https:\/\/travelpaxperu.com\/wp-content\/uploads\/2023\/04\/Intihuatana.png\" \/>\n\t<meta property=\"og:image:width\" content=\"1180\" \/>\n\t<meta property=\"og:image:height\" content=\"500\" \/>\n\t<meta property=\"og:image:type\" content=\"image\/png\" \/>\n<meta name=\"twitter:card\" content=\"summary_large_image\" \/>\n<meta name=\"twitter:label1\" content=\"Tiempo de lectura\" \/>\n\t<meta name=\"twitter:data1\" content=\"1 minuto\" \/>\n<script type=\"application\/ld+json\" class=\"yoast-schema-graph\">{\"@context\":\"https:\/\/schema.org\",\"@graph\":[{\"@type\":\"WebPage\",\"@id\":\"https:\/\/travelpaxperu.com\/es\/travel-blog\/\",\"url\":\"https:\/\/travelpaxperu.com\/es\/travel-blog\/\",\"name\":\"Travel Blog - Travel Pax Peru\",\"isPartOf\":{\"@id\":\"https:\/\/travelpaxperu.com\/es\/#website\"},\"primaryImageOfPage\":{\"@id\":\"https:\/\/travelpaxperu.com\/es\/travel-blog\/#primaryimage\"},\"image\":{\"@id\":\"https:\/\/travelpaxperu.com\/es\/travel-blog\/#primaryimage\"},\"thumbnailUrl\":\"https:\/\/travelpaxperu.com\/wp-content\/uploads\/2023\/04\/Intihuatana.png\",\"datePublished\":\"2022-08-10T11:14:56+00:00\",\"dateModified\":\"2022-08-10T11:14:56+00:00\",\"inLanguage\":\"es\",\"potentialAction\":[{\"@type\":\"ReadAction\",\"target\":[\"https:\/\/travelpaxperu.com\/es\/travel-blog\/\"]}]},{\"@type\":\"ImageObject\",\"inLanguage\":\"es\",\"@id\":\"https:\/\/travelpaxperu.com\/es\/travel-blog\/#primaryimage\",\"url\":\"https:\/\/travelpaxperu.com\/wp-content\/uploads\/2023\/04\/Intihuatana.png\",\"contentUrl\":\"https:\/\/travelpaxperu.com\/wp-content\/uploads\/2023\/04\/Intihuatana.png\",\"width\":1180,\"height\":500},{\"@type\":\"WebSite\",\"@id\":\"https:\/\/travelpaxperu.com\/es\/#website\",\"url\":\"https:\/\/travelpaxperu.com\/es\/\",\"name\":\"Travel Pax Peru\",\"description\":\"Agencia de Tours en Chachapoyas\",\"publisher\":{\"@id\":\"https:\/\/travelpaxperu.com\/es\/#organization\"},\"potentialAction\":[{\"@type\":\"SearchAction\",\"target\":{\"@type\":\"EntryPoint\",\"urlTemplate\":\"https:\/\/travelpaxperu.com\/es\/?s={search_term_string}\"},\"query-input\":{\"@type\":\"PropertyValueSpecification\",\"valueRequired\":true,\"valueName\":\"search_term_string\"}}],\"inLanguage\":\"es\"},{\"@type\":\"Organization\",\"@id\":\"https:\/\/travelpaxperu.com\/es\/#organization\",\"name\":\"Travel Pax Peru\",\"url\":\"https:\/\/travelpaxperu.com\/es\/\",\"logo\":{\"@type\":\"ImageObject\",\"inLanguage\":\"es\",\"@id\":\"https:\/\/travelpaxperu.com\/es\/#\/schema\/logo\/image\/\",\"url\":\"https:\/\/travelpaxperu.com\/wp-content\/uploads\/2023\/05\/travel-pax-v-01.svg\",\"contentUrl\":\"https:\/\/travelpaxperu.com\/wp-content\/uploads\/2023\/05\/travel-pax-v-01.svg\",\"caption\":\"Travel Pax Peru\"},\"image\":{\"@id\":\"https:\/\/travelpaxperu.com\/es\/#\/schema\/logo\/image\/\"}}]}<\/script>\n<!-- \/ Yoast SEO plugin. -->","yoast_head_json":{"title":"Travel Blog - Travel Pax Peru","robots":{"index":"index","follow":"follow","max-snippet":"max-snippet:-1","max-image-preview":"max-image-preview:large","max-video-preview":"max-video-preview:-1"},"canonical":"https:\/\/travelpaxperu.com\/es\/travel-blog\/","og_locale":"es_ES","og_type":"article","og_title":"Travel Blog - Travel Pax Peru","og_description":"[vc_row][vc_column][vc_column_text] The Best Chachapoyas Tours and Things to Do in 2023 [\/vc_column_text][\/vc_column][\/vc_row][vc_row css=\u00bb.vc_custom_1662961882735{margin-top: 40px !important;}\u00bb][vc_column][vc_column_text] Pax Travel Peru &#8211; Tour Operador in Chachapoyas, Peru [\/vc_column_text][vc_gmaps link=\u00bb#E-8_JTNDaWZyYW1lJTIwc3JjJTNEJTIyaHR0cHMlM0ElMkYlMkZ3d3cuZ29vZ2xlLmNvbSUyRm1hcHMlMkZlbWJlZCUzRnBiJTNEJTIxMW0xOCUyMTFtMTIlMjExbTMlMjExZDM5NjYuMjYyNDIyMzExOTgyNCUyMTJkLTc3Ljg3NTAxNzk4NTIzMDc4JTIxM2QtNi4yMjkwOTI4OTU0OTA5MDQlMjEybTMlMjExZjAlMjEyZjAlMjEzZjAlMjEzbTIlMjExaTEwMjQlMjEyaTc2OCUyMTRmMTMuMSUyMTNtMyUyMTFtMiUyMTFzMHg5MWI2YWI1MjNkOTEwZGIzJTI1M0EweGRkOGVlNTIyMWEyNDY3YWUlMjEyc1RyYXZlbFBheCUyMTVlMCUyMTNtMiUyMTFzZXMlMjEyc2FyJTIxNHYxNjgzMzE5Nzk5MjEzJTIxNW0yJTIxMXNlcyUyMTJzYXIlMjIlMjB3aWR0aCUzRCUyMjEwMCUyNSUyMiUyMGhlaWdodCUzRCUyMjQ1MCUyMiUyMHN0eWxlJTNEJTIyYm9yZGVyJTNBMCUzQiUyMiUyMGFsbG93ZnVsbHNjcmVlbiUzRCUyMiUyMiUyMGxvYWRpbmclM0QlMjJsYXp5JTIyJTIwcmVmZXJyZXJwb2xpY3klM0QlMjJuby1yZWZlcnJlci13aGVuLWRvd25ncmFkZSUyMiUzRSUzQyUyRmlmcmFtZSUzRQ==\u00bb][\/vc_column][\/vc_row]","og_url":"https:\/\/travelpaxperu.com\/es\/travel-blog\/","og_site_name":"Travel Pax Peru","og_image":[{"width":1180,"height":500,"url":"https:\/\/travelpaxperu.com\/wp-content\/uploads\/2023\/04\/Intihuatana.png","type":"image\/png"}],"twitter_card":"summary_large_image","twitter_misc":{"Tiempo de lectura":"1 minuto"},"schema":{"@context":"https:\/\/schema.org","@graph":[{"@type":"WebPage","@id":"https:\/\/travelpaxperu.com\/es\/travel-blog\/","url":"https:\/\/travelpaxperu.com\/es\/travel-blog\/","name":"Travel Blog - Travel Pax Peru","isPartOf":{"@id":"https:\/\/travelpaxperu.com\/es\/#website"},"primaryImageOfPage":{"@id":"https:\/\/travelpaxperu.com\/es\/travel-blog\/#primaryimage"},"image":{"@id":"https:\/\/travelpaxperu.com\/es\/travel-blog\/#primaryimage"},"thumbnailUrl":"https:\/\/travelpaxperu.com\/wp-content\/uploads\/2023\/04\/Intihuatana.png","datePublished":"2022-08-10T11:14:56+00:00","dateModified":"2022-08-10T11:14:56+00:00","inLanguage":"es","potentialAction":[{"@type":"ReadAction","target":["https:\/\/travelpaxperu.com\/es\/travel-blog\/"]}]},{"@type":"ImageObject","inLanguage":"es","@id":"https:\/\/travelpaxperu.com\/es\/travel-blog\/#primaryimage","url":"https:\/\/travelpaxperu.com\/wp-content\/uploads\/2023\/04\/Intihuatana.png","contentUrl":"https:\/\/travelpaxperu.com\/wp-content\/uploads\/2023\/04\/Intihuatana.png","width":1180,"height":500},{"@type":"WebSite","@id":"https:\/\/travelpaxperu.com\/es\/#website","url":"https:\/\/travelpaxperu.com\/es\/","name":"Travel Pax Peru","description":"Agencia de Tours en Chachapoyas","publisher":{"@id":"https:\/\/travelpaxperu.com\/es\/#organization"},"potentialAction":[{"@type":"SearchAction","target":{"@type":"EntryPoint","urlTemplate":"https:\/\/travelpaxperu.com\/es\/?s={search_term_string}"},"query-input":{"@type":"PropertyValueSpecification","valueRequired":true,"valueName":"search_term_string"}}],"inLanguage":"es"},{"@type":"Organization","@id":"https:\/\/travelpaxperu.com\/es\/#organization","name":"Travel Pax Peru","url":"https:\/\/travelpaxperu.com\/es\/","logo":{"@type":"ImageObject","inLanguage":"es","@id":"https:\/\/travelpaxperu.com\/es\/#\/schema\/logo\/image\/","url":"https:\/\/travelpaxperu.com\/wp-content\/uploads\/2023\/05\/travel-pax-v-01.svg","contentUrl":"https:\/\/travelpaxperu.com\/wp-content\/uploads\/2023\/05\/travel-pax-v-01.svg","caption":"Travel Pax Peru"},"image":{"@id":"https:\/\/travelpaxperu.com\/es\/#\/schema\/logo\/image\/"}}]}},"_links":{"self":[{"href":"https:\/\/travelpaxperu.com\/es\/wp-json\/wp\/v2\/pages\/8317","targetHints":{"allow":["GET"]}}],"collection":[{"href":"https:\/\/travelpaxperu.com\/es\/wp-json\/wp\/v2\/pages"}],"about":[{"href":"https:\/\/travelpaxperu.com\/es\/wp-json\/wp\/v2\/types\/page"}],"author":[{"embeddable":true,"href":"https:\/\/travelpaxperu.com\/es\/wp-json\/wp\/v2\/users\/2"}],"replies":[{"embeddable":true,"href":"https:\/\/travelpaxperu.com\/es\/wp-json\/wp\/v2\/comments?post=8317"}],"version-history":[{"count":0,"href":"https:\/\/travelpaxperu.com\/es\/wp-json\/wp\/v2\/pages\/8317\/revisions"}],"wp:featuredmedia":[{"embeddable":true,"href":"https:\/\/travelpaxperu.com\/es\/wp-json\/wp\/v2\/media\/7746"}],"wp:attachment":[{"href":"https:\/\/travelpaxperu.com\/es\/wp-json\/wp\/v2\/media?parent=8317"}],"curies":[{"name":"wp","href":"https:\/\/api.w.org\/{rel}","templated":true}]}}