{"id":8451,"date":"2023-09-19T14:17:03","date_gmt":"2023-09-19T19:17:03","guid":{"rendered":"https:\/\/travelpaxperu.com\/?page_id=8451"},"modified":"2024-10-17T17:34:15","modified_gmt":"2024-10-17T22:34:15","slug":"servicio-turistico-formal","status":"publish","type":"page","link":"https:\/\/travelpaxperu.com\/es\/servicio-turistico-formal\/","title":{"rendered":"Servicio Tur\u00edstico Formal"},"content":{"rendered":"<h2 class=\"wp-block-heading has-text-align-center\">DIRCETUR Amazonas<\/h2><div class=\"wp-block-image\"><figure class=\"aligncenter size-large\"><img loading=\"lazy\" decoding=\"async\" width=\"734\" height=\"1024\" src=\"https:\/\/travelpaxperu.com\/wp-content\/uploads\/2023\/09\/Travel-Pax-Peru-DIRCETUR-Amazonas-734x1024.jpg\" alt=\"\" class=\"wp-image-8454\" srcset=\"https:\/\/travelpaxperu.com\/wp-content\/uploads\/2023\/09\/Travel-Pax-Peru-DIRCETUR-Amazonas-734x1024.jpg 734w, https:\/\/travelpaxperu.com\/wp-content\/uploads\/2023\/09\/Travel-Pax-Peru-DIRCETUR-Amazonas-215x300.jpg 215w, https:\/\/travelpaxperu.com\/wp-content\/uploads\/2023\/09\/Travel-Pax-Peru-DIRCETUR-Amazonas-768x1072.jpg 768w, https:\/\/travelpaxperu.com\/wp-content\/uploads\/2023\/09\/Travel-Pax-Peru-DIRCETUR-Amazonas-1101x1536.jpg 1101w, https:\/\/travelpaxperu.com\/wp-content\/uploads\/2023\/09\/Travel-Pax-Peru-DIRCETUR-Amazonas-1468x2048.jpg 1468w, https:\/\/travelpaxperu.com\/wp-content\/uploads\/2023\/09\/Travel-Pax-Peru-DIRCETUR-Amazonas-600x837.jpg 600w, https:\/\/travelpaxperu.com\/wp-content\/uploads\/2023\/09\/Travel-Pax-Peru-DIRCETUR-Amazonas-scaled.jpg 1835w\" sizes=\"auto, (max-width: 734px) 100vw, 734px\" \/><\/figure><\/div><div style=\"height:30px\" aria-hidden=\"true\" class=\"wp-block-spacer\"><\/div><h2 class=\"wp-block-heading has-text-align-center\">Cert. de Inspecci\u00f3n T\u00e9cnica de Seguridad<\/h2><div class=\"wp-block-image\"><figure class=\"aligncenter size-large\"><img loading=\"lazy\" decoding=\"async\" width=\"725\" height=\"1024\" src=\"https:\/\/travelpaxperu.com\/wp-content\/uploads\/2024\/10\/Cert-de-inspeccion-tecnica-2023-725x1024.jpg\" alt=\"\" class=\"wp-image-8629\" srcset=\"https:\/\/travelpaxperu.com\/wp-content\/uploads\/2024\/10\/Cert-de-inspeccion-tecnica-2023-725x1024.jpg 725w, https:\/\/travelpaxperu.com\/wp-content\/uploads\/2024\/10\/Cert-de-inspeccion-tecnica-2023-213x300.jpg 213w, https:\/\/travelpaxperu.com\/wp-content\/uploads\/2024\/10\/Cert-de-inspeccion-tecnica-2023-768x1084.jpg 768w, https:\/\/travelpaxperu.com\/wp-content\/uploads\/2024\/10\/Cert-de-inspeccion-tecnica-2023-600x847.jpg 600w, https:\/\/travelpaxperu.com\/wp-content\/uploads\/2024\/10\/Cert-de-inspeccion-tecnica-2023.jpg 850w\" sizes=\"auto, (max-width: 725px) 100vw, 725px\" \/><\/figure><\/div><div style=\"height:30px\" aria-hidden=\"true\" class=\"wp-block-spacer\"><\/div><h2 class=\"wp-block-heading has-text-align-center\">Licencia Municipal Chachapoyas<\/h2><div class=\"wp-block-image\"><figure class=\"aligncenter size-large\"><img loading=\"lazy\" decoding=\"async\" width=\"714\" height=\"1024\" src=\"https:\/\/travelpaxperu.com\/wp-content\/uploads\/2023\/09\/Travel-Pax-Peru-Licencia-Municipal-Chachapoyas-2023-714x1024.jpg\" alt=\"\" class=\"wp-image-8456\" srcset=\"https:\/\/travelpaxperu.com\/wp-content\/uploads\/2023\/09\/Travel-Pax-Peru-Licencia-Municipal-Chachapoyas-2023-714x1024.jpg 714w, https:\/\/travelpaxperu.com\/wp-content\/uploads\/2023\/09\/Travel-Pax-Peru-Licencia-Municipal-Chachapoyas-2023-209x300.jpg 209w, https:\/\/travelpaxperu.com\/wp-content\/uploads\/2023\/09\/Travel-Pax-Peru-Licencia-Municipal-Chachapoyas-2023-768x1101.jpg 768w, https:\/\/travelpaxperu.com\/wp-content\/uploads\/2023\/09\/Travel-Pax-Peru-Licencia-Municipal-Chachapoyas-2023-1071x1536.jpg 1071w, https:\/\/travelpaxperu.com\/wp-content\/uploads\/2023\/09\/Travel-Pax-Peru-Licencia-Municipal-Chachapoyas-2023-1428x2048.jpg 1428w, https:\/\/travelpaxperu.com\/wp-content\/uploads\/2023\/09\/Travel-Pax-Peru-Licencia-Municipal-Chachapoyas-2023-600x860.jpg 600w, https:\/\/travelpaxperu.com\/wp-content\/uploads\/2023\/09\/Travel-Pax-Peru-Licencia-Municipal-Chachapoyas-2023-scaled.jpg 1785w\" sizes=\"auto, (max-width: 714px) 100vw, 714px\" \/><\/figure><\/div>","protected":false},"excerpt":{"rendered":"<p>DIRCETUR Amazonas Cert. de Inspecci\u00f3n T\u00e9cnica de Seguridad Licencia Municipal Chachapoyas<\/p>\n","protected":false},"author":2,"featured_media":0,"parent":0,"menu_order":0,"comment_status":"closed","ping_status":"closed","template":"","meta":{"inline_featured_image":false,"footnotes":""},"class_list":["post-8451","page","type-page","status-publish","hentry"],"yoast_head":"<!-- This site is optimized with the Yoast SEO plugin v23.7 - https:\/\/yoast.com\/wordpress\/plugins\/seo\/ -->\n<title>Servicio Tur\u00edstico Formal - Travel Pax Peru<\/title>\n<meta name=\"robots\" content=\"index, follow, max-snippet:-1, max-image-preview:large, max-video-preview:-1\" \/>\n<link rel=\"canonical\" href=\"https:\/\/travelpaxperu.com\/es\/servicio-turistico-formal\/\" \/>\n<meta property=\"og:locale\" content=\"es_ES\" \/>\n<meta property=\"og:type\" content=\"article\" \/>\n<meta property=\"og:title\" content=\"Servicio Tur\u00edstico Formal - Travel Pax Peru\" \/>\n<meta property=\"og:description\" content=\"DIRCETUR Amazonas Cert. de Inspecci\u00f3n T\u00e9cnica de Seguridad Licencia Municipal Chachapoyas\" \/>\n<meta property=\"og:url\" content=\"https:\/\/travelpaxperu.com\/es\/servicio-turistico-formal\/\" \/>\n<meta property=\"og:site_name\" content=\"Travel Pax Peru\" \/>\n<meta property=\"article:modified_time\" content=\"2024-10-17T22:34:15+00:00\" \/>\n<meta property=\"og:image\" content=\"https:\/\/travelpaxperu.com\/wp-content\/uploads\/2023\/09\/Travel-Pax-Peru-DIRCETUR-Amazonas-scaled.jpg\" \/>\n\t<meta property=\"og:image:width\" content=\"1835\" \/>\n\t<meta property=\"og:image:height\" content=\"2560\" \/>\n\t<meta property=\"og:image:type\" content=\"image\/jpeg\" \/>\n<meta name=\"twitter:card\" content=\"summary_large_image\" \/>\n<meta name=\"twitter:label1\" content=\"Tiempo de lectura\" \/>\n\t<meta name=\"twitter:data1\" content=\"1 minuto\" \/>\n<script type=\"application\/ld+json\" class=\"yoast-schema-graph\">{\"@context\":\"https:\/\/schema.org\",\"@graph\":[{\"@type\":\"WebPage\",\"@id\":\"https:\/\/travelpaxperu.com\/es\/servicio-turistico-formal\/\",\"url\":\"https:\/\/travelpaxperu.com\/es\/servicio-turistico-formal\/\",\"name\":\"Servicio Tur\u00edstico Formal - Travel Pax Peru\",\"isPartOf\":{\"@id\":\"https:\/\/travelpaxperu.com\/es\/#website\"},\"primaryImageOfPage\":{\"@id\":\"https:\/\/travelpaxperu.com\/es\/servicio-turistico-formal\/#primaryimage\"},\"image\":{\"@id\":\"https:\/\/travelpaxperu.com\/es\/servicio-turistico-formal\/#primaryimage\"},\"thumbnailUrl\":\"https:\/\/travelpaxperu.com\/wp-content\/uploads\/2023\/09\/Travel-Pax-Peru-DIRCETUR-Amazonas-734x1024.jpg\",\"datePublished\":\"2023-09-19T19:17:03+00:00\",\"dateModified\":\"2024-10-17T22:34:15+00:00\",\"inLanguage\":\"es\",\"potentialAction\":[{\"@type\":\"ReadAction\",\"target\":[\"https:\/\/travelpaxperu.com\/es\/servicio-turistico-formal\/\"]}]},{\"@type\":\"ImageObject\",\"inLanguage\":\"es\",\"@id\":\"https:\/\/travelpaxperu.com\/es\/servicio-turistico-formal\/#primaryimage\",\"url\":\"https:\/\/travelpaxperu.com\/wp-content\/uploads\/2023\/09\/Travel-Pax-Peru-DIRCETUR-Amazonas-734x1024.jpg\",\"contentUrl\":\"https:\/\/travelpaxperu.com\/wp-content\/uploads\/2023\/09\/Travel-Pax-Peru-DIRCETUR-Amazonas-734x1024.jpg\"},{\"@type\":\"WebSite\",\"@id\":\"https:\/\/travelpaxperu.com\/es\/#website\",\"url\":\"https:\/\/travelpaxperu.com\/es\/\",\"name\":\"Travel Pax Peru\",\"description\":\"Agencia de Tours en Chachapoyas\",\"publisher\":{\"@id\":\"https:\/\/travelpaxperu.com\/es\/#organization\"},\"potentialAction\":[{\"@type\":\"SearchAction\",\"target\":{\"@type\":\"EntryPoint\",\"urlTemplate\":\"https:\/\/travelpaxperu.com\/es\/?s={search_term_string}\"},\"query-input\":{\"@type\":\"PropertyValueSpecification\",\"valueRequired\":true,\"valueName\":\"search_term_string\"}}],\"inLanguage\":\"es\"},{\"@type\":\"Organization\",\"@id\":\"https:\/\/travelpaxperu.com\/es\/#organization\",\"name\":\"Travel Pax Peru\",\"url\":\"https:\/\/travelpaxperu.com\/es\/\",\"logo\":{\"@type\":\"ImageObject\",\"inLanguage\":\"es\",\"@id\":\"https:\/\/travelpaxperu.com\/es\/#\/schema\/logo\/image\/\",\"url\":\"https:\/\/travelpaxperu.com\/wp-content\/uploads\/2023\/05\/travel-pax-v-01.svg\",\"contentUrl\":\"https:\/\/travelpaxperu.com\/wp-content\/uploads\/2023\/05\/travel-pax-v-01.svg\",\"caption\":\"Travel Pax Peru\"},\"image\":{\"@id\":\"https:\/\/travelpaxperu.com\/es\/#\/schema\/logo\/image\/\"}}]}<\/script>\n<!-- \/ Yoast SEO plugin. -->","yoast_head_json":{"title":"Servicio Tur\u00edstico Formal - Travel Pax Peru","robots":{"index":"index","follow":"follow","max-snippet":"max-snippet:-1","max-image-preview":"max-image-preview:large","max-video-preview":"max-video-preview:-1"},"canonical":"https:\/\/travelpaxperu.com\/es\/servicio-turistico-formal\/","og_locale":"es_ES","og_type":"article","og_title":"Servicio Tur\u00edstico Formal - Travel Pax Peru","og_description":"DIRCETUR Amazonas Cert. de Inspecci\u00f3n T\u00e9cnica de Seguridad Licencia Municipal Chachapoyas","og_url":"https:\/\/travelpaxperu.com\/es\/servicio-turistico-formal\/","og_site_name":"Travel Pax Peru","article_modified_time":"2024-10-17T22:34:15+00:00","og_image":[{"width":1835,"height":2560,"url":"https:\/\/travelpaxperu.com\/wp-content\/uploads\/2023\/09\/Travel-Pax-Peru-DIRCETUR-Amazonas-scaled.jpg","type":"image\/jpeg"}],"twitter_card":"summary_large_image","twitter_misc":{"Tiempo de lectura":"1 minuto"},"schema":{"@context":"https:\/\/schema.org","@graph":[{"@type":"WebPage","@id":"https:\/\/travelpaxperu.com\/es\/servicio-turistico-formal\/","url":"https:\/\/travelpaxperu.com\/es\/servicio-turistico-formal\/","name":"Servicio Tur\u00edstico Formal - Travel Pax Peru","isPartOf":{"@id":"https:\/\/travelpaxperu.com\/es\/#website"},"primaryImageOfPage":{"@id":"https:\/\/travelpaxperu.com\/es\/servicio-turistico-formal\/#primaryimage"},"image":{"@id":"https:\/\/travelpaxperu.com\/es\/servicio-turistico-formal\/#primaryimage"},"thumbnailUrl":"https:\/\/travelpaxperu.com\/wp-content\/uploads\/2023\/09\/Travel-Pax-Peru-DIRCETUR-Amazonas-734x1024.jpg","datePublished":"2023-09-19T19:17:03+00:00","dateModified":"2024-10-17T22:34:15+00:00","inLanguage":"es","potentialAction":[{"@type":"ReadAction","target":["https:\/\/travelpaxperu.com\/es\/servicio-turistico-formal\/"]}]},{"@type":"ImageObject","inLanguage":"es","@id":"https:\/\/travelpaxperu.com\/es\/servicio-turistico-formal\/#primaryimage","url":"https:\/\/travelpaxperu.com\/wp-content\/uploads\/2023\/09\/Travel-Pax-Peru-DIRCETUR-Amazonas-734x1024.jpg","contentUrl":"https:\/\/travelpaxperu.com\/wp-content\/uploads\/2023\/09\/Travel-Pax-Peru-DIRCETUR-Amazonas-734x1024.jpg"},{"@type":"WebSite","@id":"https:\/\/travelpaxperu.com\/es\/#website","url":"https:\/\/travelpaxperu.com\/es\/","name":"Travel Pax Peru","description":"Agencia de Tours en Chachapoyas","publisher":{"@id":"https:\/\/travelpaxperu.com\/es\/#organization"},"potentialAction":[{"@type":"SearchAction","target":{"@type":"EntryPoint","urlTemplate":"https:\/\/travelpaxperu.com\/es\/?s={search_term_string}"},"query-input":{"@type":"PropertyValueSpecification","valueRequired":true,"valueName":"search_term_string"}}],"inLanguage":"es"},{"@type":"Organization","@id":"https:\/\/travelpaxperu.com\/es\/#organization","name":"Travel Pax Peru","url":"https:\/\/travelpaxperu.com\/es\/","logo":{"@type":"ImageObject","inLanguage":"es","@id":"https:\/\/travelpaxperu.com\/es\/#\/schema\/logo\/image\/","url":"https:\/\/travelpaxperu.com\/wp-content\/uploads\/2023\/05\/travel-pax-v-01.svg","contentUrl":"https:\/\/travelpaxperu.com\/wp-content\/uploads\/2023\/05\/travel-pax-v-01.svg","caption":"Travel Pax Peru"},"image":{"@id":"https:\/\/travelpaxperu.com\/es\/#\/schema\/logo\/image\/"}}]}},"_links":{"self":[{"href":"https:\/\/travelpaxperu.com\/es\/wp-json\/wp\/v2\/pages\/8451","targetHints":{"allow":["GET"]}}],"collection":[{"href":"https:\/\/travelpaxperu.com\/es\/wp-json\/wp\/v2\/pages"}],"about":[{"href":"https:\/\/travelpaxperu.com\/es\/wp-json\/wp\/v2\/types\/page"}],"author":[{"embeddable":true,"href":"https:\/\/travelpaxperu.com\/es\/wp-json\/wp\/v2\/users\/2"}],"replies":[{"embeddable":true,"href":"https:\/\/travelpaxperu.com\/es\/wp-json\/wp\/v2\/comments?post=8451"}],"version-history":[{"count":3,"href":"https:\/\/travelpaxperu.com\/es\/wp-json\/wp\/v2\/pages\/8451\/revisions"}],"predecessor-version":[{"id":8631,"href":"https:\/\/travelpaxperu.com\/es\/wp-json\/wp\/v2\/pages\/8451\/revisions\/8631"}],"wp:attachment":[{"href":"https:\/\/travelpaxperu.com\/es\/wp-json\/wp\/v2\/media?parent=8451"}],"curies":[{"name":"wp","href":"https:\/\/api.w.org\/{rel}","templated":true}]}}